{"id":1303,"date":"2023-06-27T14:51:58","date_gmt":"2023-06-27T14:51:58","guid":{"rendered":"https:\/\/youth4yes.com\/lessentiel-des-droits-humains-des-jeunes\/quels-droits-les-jeunes-ont-ils\/droits-a-la-liberte-de-reunion-pacifique-et-dassociation\/"},"modified":"2024-12-23T14:00:36","modified_gmt":"2024-12-23T14:00:36","slug":"droits-a-la-liberte-de-reunion-pacifique-et-dassociation","status":"publish","type":"page","link":"https:\/\/youth4yes.com\/fr\/lessentiel-des-droits-humains-des-jeunes\/quels-droits-les-jeunes-ont-ils\/droits-a-la-liberte-de-reunion-pacifique-et-dassociation\/","title":{"rendered":"Droits \u00e0 la libert\u00e9 de r\u00e9union pacifique et d&#8217;association"},"content":{"rendered":"","protected":false},"excerpt":{"rendered":"","protected":false},"author":1,"featured_media":0,"parent":1292,"menu_order":0,"comment_status":"closed","ping_status":"closed","template":"template-pagebuilder.php","meta":{"_acf_changed":false,"footnotes":""},"class_list":["post-1303","page","type-page","status-publish","hentry"],"acf":[],"yoast_head":"<!-- This site is optimized with the Yoast SEO plugin v25.6 - https:\/\/yoast.com\/wordpress\/plugins\/seo\/ -->\n<title>Droits \u00e0 la libert\u00e9 de r\u00e9union pacifique et d&#039;association - Youth4Yes<\/title>\n<meta name=\"description\" content=\"Le droit \u00e0 la libert\u00e9 de r\u00e9union pacifique comprend le droit d&#039;organiser des r\u00e9unions, des sit-in, des gr\u00e8ves, des rassemblements, des \u00e9v\u00e9nements ou d&#039;autres formes de protestation, \u00e0 la fois hors ligne et en ligne.\" \/>\n<meta name=\"robots\" content=\"index, follow, max-snippet:-1, max-image-preview:large, max-video-preview:-1\" \/>\n<link rel=\"canonical\" href=\"https:\/\/youth4yes.com\/fr\/lessentiel-des-droits-humains-des-jeunes\/quels-droits-les-jeunes-ont-ils\/droits-a-la-liberte-de-reunion-pacifique-et-dassociation\/\" \/>\n<meta property=\"og:locale\" content=\"fr_FR\" \/>\n<meta property=\"og:type\" content=\"article\" \/>\n<meta property=\"og:title\" content=\"Droits \u00e0 la libert\u00e9 de r\u00e9union pacifique et d&#039;association - Youth4Yes\" \/>\n<meta property=\"og:description\" content=\"Le droit \u00e0 la libert\u00e9 de r\u00e9union pacifique comprend le droit d&#039;organiser des r\u00e9unions, des sit-in, des gr\u00e8ves, des rassemblements, des \u00e9v\u00e9nements ou d&#039;autres formes de protestation, \u00e0 la fois hors ligne et en ligne.\" \/>\n<meta property=\"og:url\" content=\"https:\/\/youth4yes.com\/fr\/lessentiel-des-droits-humains-des-jeunes\/quels-droits-les-jeunes-ont-ils\/droits-a-la-liberte-de-reunion-pacifique-et-dassociation\/\" \/>\n<meta property=\"og:site_name\" content=\"Youth4Yes\" \/>\n<meta property=\"article:modified_time\" content=\"2024-12-23T14:00:36+00:00\" \/>\n<meta name=\"twitter:card\" content=\"summary_large_image\" \/>\n<meta name=\"twitter:label1\" content=\"Est. reading time\" \/>\n\t<meta name=\"twitter:data1\" content=\"1 minute\" \/>\n<script type=\"application\/ld+json\" class=\"yoast-schema-graph\">{\"@context\":\"https:\/\/schema.org\",\"@graph\":[{\"@type\":\"WebPage\",\"@id\":\"https:\/\/youth4yes.com\/fr\/lessentiel-des-droits-humains-des-jeunes\/quels-droits-les-jeunes-ont-ils\/droits-a-la-liberte-de-reunion-pacifique-et-dassociation\/\",\"url\":\"https:\/\/youth4yes.com\/fr\/lessentiel-des-droits-humains-des-jeunes\/quels-droits-les-jeunes-ont-ils\/droits-a-la-liberte-de-reunion-pacifique-et-dassociation\/\",\"name\":\"Droits \u00e0 la libert\u00e9 de r\u00e9union pacifique et d'association - Youth4Yes\",\"isPartOf\":{\"@id\":\"http:\/\/youth4yes.com\/fr\/#website\"},\"datePublished\":\"2023-06-27T14:51:58+00:00\",\"dateModified\":\"2024-12-23T14:00:36+00:00\",\"description\":\"Le droit \u00e0 la libert\u00e9 de r\u00e9union pacifique comprend le droit d'organiser des r\u00e9unions, des sit-in, des gr\u00e8ves, des rassemblements, des \u00e9v\u00e9nements ou d'autres formes de protestation, \u00e0 la fois hors ligne et en ligne.\",\"breadcrumb\":{\"@id\":\"https:\/\/youth4yes.com\/fr\/lessentiel-des-droits-humains-des-jeunes\/quels-droits-les-jeunes-ont-ils\/droits-a-la-liberte-de-reunion-pacifique-et-dassociation\/#breadcrumb\"},\"inLanguage\":\"fr-FR\",\"potentialAction\":[{\"@type\":\"ReadAction\",\"target\":[\"https:\/\/youth4yes.com\/fr\/lessentiel-des-droits-humains-des-jeunes\/quels-droits-les-jeunes-ont-ils\/droits-a-la-liberte-de-reunion-pacifique-et-dassociation\/\"]}]},{\"@type\":\"BreadcrumbList\",\"@id\":\"https:\/\/youth4yes.com\/fr\/lessentiel-des-droits-humains-des-jeunes\/quels-droits-les-jeunes-ont-ils\/droits-a-la-liberte-de-reunion-pacifique-et-dassociation\/#breadcrumb\",\"itemListElement\":[{\"@type\":\"ListItem\",\"position\":1,\"name\":\"Home\",\"item\":\"http:\/\/youth4yes.com\/fr\/\"},{\"@type\":\"ListItem\",\"position\":2,\"name\":\"L&#8217;essentiel des droits humains des jeunes\",\"item\":\"http:\/\/youth4yes.com\/fr\/lessentiel-des-droits-humains-des-jeunes\/\"},{\"@type\":\"ListItem\",\"position\":3,\"name\":\"Quels droits les jeunes ont-ils ?\",\"item\":\"http:\/\/youth4yes.com\/fr\/lessentiel-des-droits-humains-des-jeunes\/quels-droits-les-jeunes-ont-ils\/\"},{\"@type\":\"ListItem\",\"position\":4,\"name\":\"Droits \u00e0 la libert\u00e9 de r\u00e9union pacifique et d&#8217;association\"}]},{\"@type\":\"WebSite\",\"@id\":\"http:\/\/youth4yes.com\/fr\/#website\",\"url\":\"http:\/\/youth4yes.com\/fr\/\",\"name\":\"Youth4Yes\",\"description\":\"\",\"potentialAction\":[{\"@type\":\"SearchAction\",\"target\":{\"@type\":\"EntryPoint\",\"urlTemplate\":\"http:\/\/youth4yes.com\/fr\/?s={search_term_string}\"},\"query-input\":{\"@type\":\"PropertyValueSpecification\",\"valueRequired\":true,\"valueName\":\"search_term_string\"}}],\"inLanguage\":\"fr-FR\"}]}<\/script>\n<!-- \/ Yoast SEO plugin. -->","yoast_head_json":{"title":"Droits \u00e0 la libert\u00e9 de r\u00e9union pacifique et d'association - Youth4Yes","description":"Le droit \u00e0 la libert\u00e9 de r\u00e9union pacifique comprend le droit d'organiser des r\u00e9unions, des sit-in, des gr\u00e8ves, des rassemblements, des \u00e9v\u00e9nements ou d'autres formes de protestation, \u00e0 la fois hors ligne et en ligne.","robots":{"index":"index","follow":"follow","max-snippet":"max-snippet:-1","max-image-preview":"max-image-preview:large","max-video-preview":"max-video-preview:-1"},"canonical":"https:\/\/youth4yes.com\/fr\/lessentiel-des-droits-humains-des-jeunes\/quels-droits-les-jeunes-ont-ils\/droits-a-la-liberte-de-reunion-pacifique-et-dassociation\/","og_locale":"fr_FR","og_type":"article","og_title":"Droits \u00e0 la libert\u00e9 de r\u00e9union pacifique et d'association - Youth4Yes","og_description":"Le droit \u00e0 la libert\u00e9 de r\u00e9union pacifique comprend le droit d'organiser des r\u00e9unions, des sit-in, des gr\u00e8ves, des rassemblements, des \u00e9v\u00e9nements ou d'autres formes de protestation, \u00e0 la fois hors ligne et en ligne.","og_url":"https:\/\/youth4yes.com\/fr\/lessentiel-des-droits-humains-des-jeunes\/quels-droits-les-jeunes-ont-ils\/droits-a-la-liberte-de-reunion-pacifique-et-dassociation\/","og_site_name":"Youth4Yes","article_modified_time":"2024-12-23T14:00:36+00:00","twitter_card":"summary_large_image","twitter_misc":{"Est. reading time":"1 minute"},"schema":{"@context":"https:\/\/schema.org","@graph":[{"@type":"WebPage","@id":"https:\/\/youth4yes.com\/fr\/lessentiel-des-droits-humains-des-jeunes\/quels-droits-les-jeunes-ont-ils\/droits-a-la-liberte-de-reunion-pacifique-et-dassociation\/","url":"https:\/\/youth4yes.com\/fr\/lessentiel-des-droits-humains-des-jeunes\/quels-droits-les-jeunes-ont-ils\/droits-a-la-liberte-de-reunion-pacifique-et-dassociation\/","name":"Droits \u00e0 la libert\u00e9 de r\u00e9union pacifique et d'association - Youth4Yes","isPartOf":{"@id":"http:\/\/youth4yes.com\/fr\/#website"},"datePublished":"2023-06-27T14:51:58+00:00","dateModified":"2024-12-23T14:00:36+00:00","description":"Le droit \u00e0 la libert\u00e9 de r\u00e9union pacifique comprend le droit d'organiser des r\u00e9unions, des sit-in, des gr\u00e8ves, des rassemblements, des \u00e9v\u00e9nements ou d'autres formes de protestation, \u00e0 la fois hors ligne et en ligne.","breadcrumb":{"@id":"https:\/\/youth4yes.com\/fr\/lessentiel-des-droits-humains-des-jeunes\/quels-droits-les-jeunes-ont-ils\/droits-a-la-liberte-de-reunion-pacifique-et-dassociation\/#breadcrumb"},"inLanguage":"fr-FR","potentialAction":[{"@type":"ReadAction","target":["https:\/\/youth4yes.com\/fr\/lessentiel-des-droits-humains-des-jeunes\/quels-droits-les-jeunes-ont-ils\/droits-a-la-liberte-de-reunion-pacifique-et-dassociation\/"]}]},{"@type":"BreadcrumbList","@id":"https:\/\/youth4yes.com\/fr\/lessentiel-des-droits-humains-des-jeunes\/quels-droits-les-jeunes-ont-ils\/droits-a-la-liberte-de-reunion-pacifique-et-dassociation\/#breadcrumb","itemListElement":[{"@type":"ListItem","position":1,"name":"Home","item":"http:\/\/youth4yes.com\/fr\/"},{"@type":"ListItem","position":2,"name":"L&#8217;essentiel des droits humains des jeunes","item":"http:\/\/youth4yes.com\/fr\/lessentiel-des-droits-humains-des-jeunes\/"},{"@type":"ListItem","position":3,"name":"Quels droits les jeunes ont-ils ?","item":"http:\/\/youth4yes.com\/fr\/lessentiel-des-droits-humains-des-jeunes\/quels-droits-les-jeunes-ont-ils\/"},{"@type":"ListItem","position":4,"name":"Droits \u00e0 la libert\u00e9 de r\u00e9union pacifique et d&#8217;association"}]},{"@type":"WebSite","@id":"http:\/\/youth4yes.com\/fr\/#website","url":"http:\/\/youth4yes.com\/fr\/","name":"Youth4Yes","description":"","potentialAction":[{"@type":"SearchAction","target":{"@type":"EntryPoint","urlTemplate":"http:\/\/youth4yes.com\/fr\/?s={search_term_string}"},"query-input":{"@type":"PropertyValueSpecification","valueRequired":true,"valueName":"search_term_string"}}],"inLanguage":"fr-FR"}]}},"_links":{"self":[{"href":"https:\/\/youth4yes.com\/fr\/wp-json\/wp\/v2\/pages\/1303","targetHints":{"allow":["GET"]}}],"collection":[{"href":"https:\/\/youth4yes.com\/fr\/wp-json\/wp\/v2\/pages"}],"about":[{"href":"https:\/\/youth4yes.com\/fr\/wp-json\/wp\/v2\/types\/page"}],"author":[{"embeddable":true,"href":"https:\/\/youth4yes.com\/fr\/wp-json\/wp\/v2\/users\/1"}],"replies":[{"embeddable":true,"href":"https:\/\/youth4yes.com\/fr\/wp-json\/wp\/v2\/comments?post=1303"}],"version-history":[{"count":0,"href":"https:\/\/youth4yes.com\/fr\/wp-json\/wp\/v2\/pages\/1303\/revisions"}],"up":[{"embeddable":true,"href":"https:\/\/youth4yes.com\/fr\/wp-json\/wp\/v2\/pages\/1292"}],"wp:attachment":[{"href":"https:\/\/youth4yes.com\/fr\/wp-json\/wp\/v2\/media?parent=1303"}],"curies":[{"name":"wp","href":"https:\/\/api.w.org\/{rel}","templated":true}]}}