{"id":1301,"date":"2023-06-27T14:49:42","date_gmt":"2023-06-27T14:49:42","guid":{"rendered":"https:\/\/youth4yes.com\/lessentiel-des-droits-humains-des-jeunes\/quels-droits-les-jeunes-ont-ils\/droits-a-lhonneur-droit-a-leducation\/"},"modified":"2024-12-23T12:04:18","modified_gmt":"2024-12-23T12:04:18","slug":"droits-a-lhonneur-droit-a-leducation","status":"publish","type":"page","link":"https:\/\/youth4yes.com\/fr\/lessentiel-des-droits-humains-des-jeunes\/quels-droits-les-jeunes-ont-ils\/droits-a-lhonneur-droit-a-leducation\/","title":{"rendered":"Droits \u00e0 l&#8217;honneur : Droit \u00e0 l&#8217;\u00e9ducation"},"content":{"rendered":"","protected":false},"excerpt":{"rendered":"","protected":false},"author":1,"featured_media":0,"parent":1292,"menu_order":0,"comment_status":"closed","ping_status":"closed","template":"template-pagebuilder.php","meta":{"_acf_changed":false,"footnotes":""},"class_list":["post-1301","page","type-page","status-publish","hentry"],"acf":[],"yoast_head":"<!-- This site is optimized with the Yoast SEO plugin v25.6 - https:\/\/yoast.com\/wordpress\/plugins\/seo\/ -->\n<title>Droits \u00e0 l&#039;honneur : Droit \u00e0 l&#039;\u00e9ducation - Youth4Yes<\/title>\n<meta name=\"description\" content=\"L&#039;\u00e9ducation est \u00e0 la fois un droit humain en soi et un &quot;droit \u00e0 l&#039;autonomisation&quot; ou un tremplin vers la r\u00e9alisation d&#039;autres droits humains.\" \/>\n<meta name=\"robots\" content=\"index, follow, max-snippet:-1, max-image-preview:large, max-video-preview:-1\" \/>\n<link rel=\"canonical\" href=\"https:\/\/youth4yes.com\/fr\/lessentiel-des-droits-humains-des-jeunes\/quels-droits-les-jeunes-ont-ils\/droits-a-lhonneur-droit-a-leducation\/\" \/>\n<meta property=\"og:locale\" content=\"fr_FR\" \/>\n<meta property=\"og:type\" content=\"article\" \/>\n<meta property=\"og:title\" content=\"Droits \u00e0 l&#039;honneur : Droit \u00e0 l&#039;\u00e9ducation - Youth4Yes\" \/>\n<meta property=\"og:description\" content=\"L&#039;\u00e9ducation est \u00e0 la fois un droit humain en soi et un &quot;droit \u00e0 l&#039;autonomisation&quot; ou un tremplin vers la r\u00e9alisation d&#039;autres droits humains.\" \/>\n<meta property=\"og:url\" content=\"https:\/\/youth4yes.com\/fr\/lessentiel-des-droits-humains-des-jeunes\/quels-droits-les-jeunes-ont-ils\/droits-a-lhonneur-droit-a-leducation\/\" \/>\n<meta property=\"og:site_name\" content=\"Youth4Yes\" \/>\n<meta property=\"article:modified_time\" content=\"2024-12-23T12:04:18+00:00\" \/>\n<meta name=\"twitter:card\" content=\"summary_large_image\" \/>\n<meta name=\"twitter:label1\" content=\"Est. reading time\" \/>\n\t<meta name=\"twitter:data1\" content=\"5 minutes\" \/>\n<script type=\"application\/ld+json\" class=\"yoast-schema-graph\">{\"@context\":\"https:\/\/schema.org\",\"@graph\":[{\"@type\":\"WebPage\",\"@id\":\"https:\/\/youth4yes.com\/fr\/lessentiel-des-droits-humains-des-jeunes\/quels-droits-les-jeunes-ont-ils\/droits-a-lhonneur-droit-a-leducation\/\",\"url\":\"https:\/\/youth4yes.com\/fr\/lessentiel-des-droits-humains-des-jeunes\/quels-droits-les-jeunes-ont-ils\/droits-a-lhonneur-droit-a-leducation\/\",\"name\":\"Droits \u00e0 l'honneur : Droit \u00e0 l'\u00e9ducation - Youth4Yes\",\"isPartOf\":{\"@id\":\"https:\/\/youth4yes.com\/fr\/#website\"},\"datePublished\":\"2023-06-27T14:49:42+00:00\",\"dateModified\":\"2024-12-23T12:04:18+00:00\",\"description\":\"L'\u00e9ducation est \u00e0 la fois un droit humain en soi et un \\\"droit \u00e0 l'autonomisation\\\" ou un tremplin vers la r\u00e9alisation d'autres droits humains.\",\"breadcrumb\":{\"@id\":\"https:\/\/youth4yes.com\/fr\/lessentiel-des-droits-humains-des-jeunes\/quels-droits-les-jeunes-ont-ils\/droits-a-lhonneur-droit-a-leducation\/#breadcrumb\"},\"inLanguage\":\"fr-FR\",\"potentialAction\":[{\"@type\":\"ReadAction\",\"target\":[\"https:\/\/youth4yes.com\/fr\/lessentiel-des-droits-humains-des-jeunes\/quels-droits-les-jeunes-ont-ils\/droits-a-lhonneur-droit-a-leducation\/\"]}]},{\"@type\":\"BreadcrumbList\",\"@id\":\"https:\/\/youth4yes.com\/fr\/lessentiel-des-droits-humains-des-jeunes\/quels-droits-les-jeunes-ont-ils\/droits-a-lhonneur-droit-a-leducation\/#breadcrumb\",\"itemListElement\":[{\"@type\":\"ListItem\",\"position\":1,\"name\":\"Home\",\"item\":\"https:\/\/youth4yes.com\/fr\/\"},{\"@type\":\"ListItem\",\"position\":2,\"name\":\"L&#8217;essentiel des droits humains des jeunes\",\"item\":\"http:\/\/youth4yes.com\/fr\/lessentiel-des-droits-humains-des-jeunes\/\"},{\"@type\":\"ListItem\",\"position\":3,\"name\":\"Quels droits les jeunes ont-ils ?\",\"item\":\"http:\/\/youth4yes.com\/fr\/lessentiel-des-droits-humains-des-jeunes\/quels-droits-les-jeunes-ont-ils\/\"},{\"@type\":\"ListItem\",\"position\":4,\"name\":\"Droits \u00e0 l&#8217;honneur : Droit \u00e0 l&#8217;\u00e9ducation\"}]},{\"@type\":\"WebSite\",\"@id\":\"https:\/\/youth4yes.com\/fr\/#website\",\"url\":\"https:\/\/youth4yes.com\/fr\/\",\"name\":\"Youth4Yes\",\"description\":\"\",\"potentialAction\":[{\"@type\":\"SearchAction\",\"target\":{\"@type\":\"EntryPoint\",\"urlTemplate\":\"https:\/\/youth4yes.com\/fr\/?s={search_term_string}\"},\"query-input\":{\"@type\":\"PropertyValueSpecification\",\"valueRequired\":true,\"valueName\":\"search_term_string\"}}],\"inLanguage\":\"fr-FR\"}]}<\/script>\n<!-- \/ Yoast SEO plugin. -->","yoast_head_json":{"title":"Droits \u00e0 l'honneur : Droit \u00e0 l'\u00e9ducation - Youth4Yes","description":"L'\u00e9ducation est \u00e0 la fois un droit humain en soi et un \"droit \u00e0 l'autonomisation\" ou un tremplin vers la r\u00e9alisation d'autres droits humains.","robots":{"index":"index","follow":"follow","max-snippet":"max-snippet:-1","max-image-preview":"max-image-preview:large","max-video-preview":"max-video-preview:-1"},"canonical":"https:\/\/youth4yes.com\/fr\/lessentiel-des-droits-humains-des-jeunes\/quels-droits-les-jeunes-ont-ils\/droits-a-lhonneur-droit-a-leducation\/","og_locale":"fr_FR","og_type":"article","og_title":"Droits \u00e0 l'honneur : Droit \u00e0 l'\u00e9ducation - Youth4Yes","og_description":"L'\u00e9ducation est \u00e0 la fois un droit humain en soi et un \"droit \u00e0 l'autonomisation\" ou un tremplin vers la r\u00e9alisation d'autres droits humains.","og_url":"https:\/\/youth4yes.com\/fr\/lessentiel-des-droits-humains-des-jeunes\/quels-droits-les-jeunes-ont-ils\/droits-a-lhonneur-droit-a-leducation\/","og_site_name":"Youth4Yes","article_modified_time":"2024-12-23T12:04:18+00:00","twitter_card":"summary_large_image","twitter_misc":{"Est. reading time":"5 minutes"},"schema":{"@context":"https:\/\/schema.org","@graph":[{"@type":"WebPage","@id":"https:\/\/youth4yes.com\/fr\/lessentiel-des-droits-humains-des-jeunes\/quels-droits-les-jeunes-ont-ils\/droits-a-lhonneur-droit-a-leducation\/","url":"https:\/\/youth4yes.com\/fr\/lessentiel-des-droits-humains-des-jeunes\/quels-droits-les-jeunes-ont-ils\/droits-a-lhonneur-droit-a-leducation\/","name":"Droits \u00e0 l'honneur : Droit \u00e0 l'\u00e9ducation - Youth4Yes","isPartOf":{"@id":"https:\/\/youth4yes.com\/fr\/#website"},"datePublished":"2023-06-27T14:49:42+00:00","dateModified":"2024-12-23T12:04:18+00:00","description":"L'\u00e9ducation est \u00e0 la fois un droit humain en soi et un \"droit \u00e0 l'autonomisation\" ou un tremplin vers la r\u00e9alisation d'autres droits humains.","breadcrumb":{"@id":"https:\/\/youth4yes.com\/fr\/lessentiel-des-droits-humains-des-jeunes\/quels-droits-les-jeunes-ont-ils\/droits-a-lhonneur-droit-a-leducation\/#breadcrumb"},"inLanguage":"fr-FR","potentialAction":[{"@type":"ReadAction","target":["https:\/\/youth4yes.com\/fr\/lessentiel-des-droits-humains-des-jeunes\/quels-droits-les-jeunes-ont-ils\/droits-a-lhonneur-droit-a-leducation\/"]}]},{"@type":"BreadcrumbList","@id":"https:\/\/youth4yes.com\/fr\/lessentiel-des-droits-humains-des-jeunes\/quels-droits-les-jeunes-ont-ils\/droits-a-lhonneur-droit-a-leducation\/#breadcrumb","itemListElement":[{"@type":"ListItem","position":1,"name":"Home","item":"https:\/\/youth4yes.com\/fr\/"},{"@type":"ListItem","position":2,"name":"L&#8217;essentiel des droits humains des jeunes","item":"http:\/\/youth4yes.com\/fr\/lessentiel-des-droits-humains-des-jeunes\/"},{"@type":"ListItem","position":3,"name":"Quels droits les jeunes ont-ils ?","item":"http:\/\/youth4yes.com\/fr\/lessentiel-des-droits-humains-des-jeunes\/quels-droits-les-jeunes-ont-ils\/"},{"@type":"ListItem","position":4,"name":"Droits \u00e0 l&#8217;honneur : Droit \u00e0 l&#8217;\u00e9ducation"}]},{"@type":"WebSite","@id":"https:\/\/youth4yes.com\/fr\/#website","url":"https:\/\/youth4yes.com\/fr\/","name":"Youth4Yes","description":"","potentialAction":[{"@type":"SearchAction","target":{"@type":"EntryPoint","urlTemplate":"https:\/\/youth4yes.com\/fr\/?s={search_term_string}"},"query-input":{"@type":"PropertyValueSpecification","valueRequired":true,"valueName":"search_term_string"}}],"inLanguage":"fr-FR"}]}},"_links":{"self":[{"href":"https:\/\/youth4yes.com\/fr\/wp-json\/wp\/v2\/pages\/1301","targetHints":{"allow":["GET"]}}],"collection":[{"href":"https:\/\/youth4yes.com\/fr\/wp-json\/wp\/v2\/pages"}],"about":[{"href":"https:\/\/youth4yes.com\/fr\/wp-json\/wp\/v2\/types\/page"}],"author":[{"embeddable":true,"href":"https:\/\/youth4yes.com\/fr\/wp-json\/wp\/v2\/users\/1"}],"replies":[{"embeddable":true,"href":"https:\/\/youth4yes.com\/fr\/wp-json\/wp\/v2\/comments?post=1301"}],"version-history":[{"count":0,"href":"https:\/\/youth4yes.com\/fr\/wp-json\/wp\/v2\/pages\/1301\/revisions"}],"up":[{"embeddable":true,"href":"https:\/\/youth4yes.com\/fr\/wp-json\/wp\/v2\/pages\/1292"}],"wp:attachment":[{"href":"https:\/\/youth4yes.com\/fr\/wp-json\/wp\/v2\/media?parent=1301"}],"curies":[{"name":"wp","href":"https:\/\/api.w.org\/{rel}","templated":true}]}}