{"id":1285,"date":"2023-06-27T14:47:27","date_gmt":"2023-06-27T14:47:27","guid":{"rendered":"https:\/\/youth4yes.com\/lessentiel-des-droits-humains-des-jeunes\/a-propos-des-droits-humains\/"},"modified":"2024-12-19T15:38:32","modified_gmt":"2024-12-19T15:38:32","slug":"a-propos-des-droits-humains","status":"publish","type":"page","link":"https:\/\/youth4yes.com\/fr\/lessentiel-des-droits-humains-des-jeunes\/a-propos-des-droits-humains\/","title":{"rendered":"\u00c0 propos des droits humains"},"content":{"rendered":"","protected":false},"excerpt":{"rendered":"","protected":false},"author":1,"featured_media":0,"parent":1284,"menu_order":0,"comment_status":"closed","ping_status":"closed","template":"template-landing.php","meta":{"_acf_changed":false,"footnotes":""},"class_list":["post-1285","page","type-page","status-publish","hentry"],"acf":[],"yoast_head":"<!-- This site is optimized with the Yoast SEO plugin v25.6 - https:\/\/yoast.com\/wordpress\/plugins\/seo\/ -->\n<title>\u00c0 propos des droits humains - Youth4Yes<\/title>\n<meta name=\"description\" content=\"Aller \u00e0 l&#039;\u00e9cole, trouver un emploi d\u00e9cent, voter aux \u00e9lections : voil\u00e0 autant d&#039;exemples de droits humains dans la vie de tous les jours. Les droits humains sont des droits que nous avons simplement parce que nous existons en tant qu&#039;\u00eatres humains.\" \/>\n<meta name=\"robots\" content=\"index, follow, max-snippet:-1, max-image-preview:large, max-video-preview:-1\" \/>\n<link rel=\"canonical\" href=\"https:\/\/youth4yes.com\/fr\/lessentiel-des-droits-humains-des-jeunes\/a-propos-des-droits-humains\/\" \/>\n<meta property=\"og:locale\" content=\"fr_FR\" \/>\n<meta property=\"og:type\" content=\"article\" \/>\n<meta property=\"og:title\" content=\"\u00c0 propos des droits humains - Youth4Yes\" \/>\n<meta property=\"og:description\" content=\"Aller \u00e0 l&#039;\u00e9cole, trouver un emploi d\u00e9cent, voter aux \u00e9lections : voil\u00e0 autant d&#039;exemples de droits humains dans la vie de tous les jours. Les droits humains sont des droits que nous avons simplement parce que nous existons en tant qu&#039;\u00eatres humains.\" \/>\n<meta property=\"og:url\" content=\"https:\/\/youth4yes.com\/fr\/lessentiel-des-droits-humains-des-jeunes\/a-propos-des-droits-humains\/\" \/>\n<meta property=\"og:site_name\" content=\"Youth4Yes\" \/>\n<meta property=\"article:modified_time\" content=\"2024-12-19T15:38:32+00:00\" \/>\n<meta name=\"twitter:card\" content=\"summary_large_image\" \/>\n<meta name=\"twitter:label1\" content=\"Est. reading time\" \/>\n\t<meta name=\"twitter:data1\" content=\"2 minutes\" \/>\n<script type=\"application\/ld+json\" class=\"yoast-schema-graph\">{\"@context\":\"https:\/\/schema.org\",\"@graph\":[{\"@type\":\"WebPage\",\"@id\":\"https:\/\/youth4yes.com\/fr\/lessentiel-des-droits-humains-des-jeunes\/a-propos-des-droits-humains\/\",\"url\":\"https:\/\/youth4yes.com\/fr\/lessentiel-des-droits-humains-des-jeunes\/a-propos-des-droits-humains\/\",\"name\":\"\u00c0 propos des droits humains - Youth4Yes\",\"isPartOf\":{\"@id\":\"https:\/\/youth4yes.com\/fr\/#website\"},\"datePublished\":\"2023-06-27T14:47:27+00:00\",\"dateModified\":\"2024-12-19T15:38:32+00:00\",\"description\":\"Aller \u00e0 l'\u00e9cole, trouver un emploi d\u00e9cent, voter aux \u00e9lections : voil\u00e0 autant d'exemples de droits humains dans la vie de tous les jours. Les droits humains sont des droits que nous avons simplement parce que nous existons en tant qu'\u00eatres humains.\",\"breadcrumb\":{\"@id\":\"https:\/\/youth4yes.com\/fr\/lessentiel-des-droits-humains-des-jeunes\/a-propos-des-droits-humains\/#breadcrumb\"},\"inLanguage\":\"fr-FR\",\"potentialAction\":[{\"@type\":\"ReadAction\",\"target\":[\"https:\/\/youth4yes.com\/fr\/lessentiel-des-droits-humains-des-jeunes\/a-propos-des-droits-humains\/\"]}]},{\"@type\":\"BreadcrumbList\",\"@id\":\"https:\/\/youth4yes.com\/fr\/lessentiel-des-droits-humains-des-jeunes\/a-propos-des-droits-humains\/#breadcrumb\",\"itemListElement\":[{\"@type\":\"ListItem\",\"position\":1,\"name\":\"Home\",\"item\":\"https:\/\/youth4yes.com\/fr\/\"},{\"@type\":\"ListItem\",\"position\":2,\"name\":\"L&#8217;essentiel des droits humains des jeunes\",\"item\":\"https:\/\/youth4yes.com\/fr\/lessentiel-des-droits-humains-des-jeunes\/\"},{\"@type\":\"ListItem\",\"position\":3,\"name\":\"\u00c0 propos des droits humains\"}]},{\"@type\":\"WebSite\",\"@id\":\"https:\/\/youth4yes.com\/fr\/#website\",\"url\":\"https:\/\/youth4yes.com\/fr\/\",\"name\":\"Youth4Yes\",\"description\":\"\",\"potentialAction\":[{\"@type\":\"SearchAction\",\"target\":{\"@type\":\"EntryPoint\",\"urlTemplate\":\"https:\/\/youth4yes.com\/fr\/?s={search_term_string}\"},\"query-input\":{\"@type\":\"PropertyValueSpecification\",\"valueRequired\":true,\"valueName\":\"search_term_string\"}}],\"inLanguage\":\"fr-FR\"}]}<\/script>\n<!-- \/ Yoast SEO plugin. -->","yoast_head_json":{"title":"\u00c0 propos des droits humains - Youth4Yes","description":"Aller \u00e0 l'\u00e9cole, trouver un emploi d\u00e9cent, voter aux \u00e9lections : voil\u00e0 autant d'exemples de droits humains dans la vie de tous les jours. Les droits humains sont des droits que nous avons simplement parce que nous existons en tant qu'\u00eatres humains.","robots":{"index":"index","follow":"follow","max-snippet":"max-snippet:-1","max-image-preview":"max-image-preview:large","max-video-preview":"max-video-preview:-1"},"canonical":"https:\/\/youth4yes.com\/fr\/lessentiel-des-droits-humains-des-jeunes\/a-propos-des-droits-humains\/","og_locale":"fr_FR","og_type":"article","og_title":"\u00c0 propos des droits humains - Youth4Yes","og_description":"Aller \u00e0 l'\u00e9cole, trouver un emploi d\u00e9cent, voter aux \u00e9lections : voil\u00e0 autant d'exemples de droits humains dans la vie de tous les jours. Les droits humains sont des droits que nous avons simplement parce que nous existons en tant qu'\u00eatres humains.","og_url":"https:\/\/youth4yes.com\/fr\/lessentiel-des-droits-humains-des-jeunes\/a-propos-des-droits-humains\/","og_site_name":"Youth4Yes","article_modified_time":"2024-12-19T15:38:32+00:00","twitter_card":"summary_large_image","twitter_misc":{"Est. reading time":"2 minutes"},"schema":{"@context":"https:\/\/schema.org","@graph":[{"@type":"WebPage","@id":"https:\/\/youth4yes.com\/fr\/lessentiel-des-droits-humains-des-jeunes\/a-propos-des-droits-humains\/","url":"https:\/\/youth4yes.com\/fr\/lessentiel-des-droits-humains-des-jeunes\/a-propos-des-droits-humains\/","name":"\u00c0 propos des droits humains - Youth4Yes","isPartOf":{"@id":"https:\/\/youth4yes.com\/fr\/#website"},"datePublished":"2023-06-27T14:47:27+00:00","dateModified":"2024-12-19T15:38:32+00:00","description":"Aller \u00e0 l'\u00e9cole, trouver un emploi d\u00e9cent, voter aux \u00e9lections : voil\u00e0 autant d'exemples de droits humains dans la vie de tous les jours. Les droits humains sont des droits que nous avons simplement parce que nous existons en tant qu'\u00eatres humains.","breadcrumb":{"@id":"https:\/\/youth4yes.com\/fr\/lessentiel-des-droits-humains-des-jeunes\/a-propos-des-droits-humains\/#breadcrumb"},"inLanguage":"fr-FR","potentialAction":[{"@type":"ReadAction","target":["https:\/\/youth4yes.com\/fr\/lessentiel-des-droits-humains-des-jeunes\/a-propos-des-droits-humains\/"]}]},{"@type":"BreadcrumbList","@id":"https:\/\/youth4yes.com\/fr\/lessentiel-des-droits-humains-des-jeunes\/a-propos-des-droits-humains\/#breadcrumb","itemListElement":[{"@type":"ListItem","position":1,"name":"Home","item":"https:\/\/youth4yes.com\/fr\/"},{"@type":"ListItem","position":2,"name":"L&#8217;essentiel des droits humains des jeunes","item":"https:\/\/youth4yes.com\/fr\/lessentiel-des-droits-humains-des-jeunes\/"},{"@type":"ListItem","position":3,"name":"\u00c0 propos des droits humains"}]},{"@type":"WebSite","@id":"https:\/\/youth4yes.com\/fr\/#website","url":"https:\/\/youth4yes.com\/fr\/","name":"Youth4Yes","description":"","potentialAction":[{"@type":"SearchAction","target":{"@type":"EntryPoint","urlTemplate":"https:\/\/youth4yes.com\/fr\/?s={search_term_string}"},"query-input":{"@type":"PropertyValueSpecification","valueRequired":true,"valueName":"search_term_string"}}],"inLanguage":"fr-FR"}]}},"_links":{"self":[{"href":"https:\/\/youth4yes.com\/fr\/wp-json\/wp\/v2\/pages\/1285","targetHints":{"allow":["GET"]}}],"collection":[{"href":"https:\/\/youth4yes.com\/fr\/wp-json\/wp\/v2\/pages"}],"about":[{"href":"https:\/\/youth4yes.com\/fr\/wp-json\/wp\/v2\/types\/page"}],"author":[{"embeddable":true,"href":"https:\/\/youth4yes.com\/fr\/wp-json\/wp\/v2\/users\/1"}],"replies":[{"embeddable":true,"href":"https:\/\/youth4yes.com\/fr\/wp-json\/wp\/v2\/comments?post=1285"}],"version-history":[{"count":0,"href":"https:\/\/youth4yes.com\/fr\/wp-json\/wp\/v2\/pages\/1285\/revisions"}],"up":[{"embeddable":true,"href":"https:\/\/youth4yes.com\/fr\/wp-json\/wp\/v2\/pages\/1284"}],"wp:attachment":[{"href":"https:\/\/youth4yes.com\/fr\/wp-json\/wp\/v2\/media?parent=1285"}],"curies":[{"name":"wp","href":"https:\/\/api.w.org\/{rel}","templated":true}]}}