{"id":1251,"date":"2023-06-27T14:55:10","date_gmt":"2023-06-27T14:55:10","guid":{"rendered":"https:\/\/youth4yes.com\/defendre\/"},"modified":"2025-01-02T13:57:42","modified_gmt":"2025-01-02T13:57:42","slug":"defendre","status":"publish","type":"page","link":"https:\/\/youth4yes.com\/fr\/defendre\/","title":{"rendered":"D\u00e9fendre"},"content":{"rendered":"","protected":false},"excerpt":{"rendered":"","protected":false},"author":1,"featured_media":0,"parent":0,"menu_order":0,"comment_status":"closed","ping_status":"closed","template":"template-landing.php","meta":{"_acf_changed":false,"footnotes":""},"class_list":["post-1251","page","type-page","status-publish","hentry"],"acf":[],"yoast_head":"<!-- This site is optimized with the Yoast SEO plugin v25.6 - https:\/\/yoast.com\/wordpress\/plugins\/seo\/ -->\n<title>D\u00e9fendre - Youth4Yes<\/title>\n<meta name=\"description\" content=\"Comment puis-je d\u00e9fendre mes droits en tant que jeune tout en restant en s\u00e9curit\u00e9 ?\" \/>\n<meta name=\"robots\" content=\"index, follow, max-snippet:-1, max-image-preview:large, max-video-preview:-1\" \/>\n<link rel=\"canonical\" href=\"https:\/\/youth4yes.com\/fr\/defendre\/\" \/>\n<meta property=\"og:locale\" content=\"fr_FR\" \/>\n<meta property=\"og:type\" content=\"article\" \/>\n<meta property=\"og:title\" content=\"D\u00e9fendre - Youth4Yes\" \/>\n<meta property=\"og:description\" content=\"Comment puis-je d\u00e9fendre mes droits en tant que jeune tout en restant en s\u00e9curit\u00e9 ?\" \/>\n<meta property=\"og:url\" content=\"https:\/\/youth4yes.com\/fr\/defendre\/\" \/>\n<meta property=\"og:site_name\" content=\"Youth4Yes\" \/>\n<meta property=\"article:modified_time\" content=\"2025-01-02T13:57:42+00:00\" \/>\n<meta name=\"twitter:card\" content=\"summary_large_image\" \/>\n<meta name=\"twitter:label1\" content=\"Est. reading time\" \/>\n\t<meta name=\"twitter:data1\" content=\"1 minute\" \/>\n<script type=\"application\/ld+json\" class=\"yoast-schema-graph\">{\"@context\":\"https:\/\/schema.org\",\"@graph\":[{\"@type\":\"WebPage\",\"@id\":\"https:\/\/youth4yes.com\/fr\/defendre\/\",\"url\":\"https:\/\/youth4yes.com\/fr\/defendre\/\",\"name\":\"D\u00e9fendre - Youth4Yes\",\"isPartOf\":{\"@id\":\"http:\/\/youth4yes.com\/fr\/#website\"},\"datePublished\":\"2023-06-27T14:55:10+00:00\",\"dateModified\":\"2025-01-02T13:57:42+00:00\",\"description\":\"Comment puis-je d\u00e9fendre mes droits en tant que jeune tout en restant en s\u00e9curit\u00e9 ?\",\"breadcrumb\":{\"@id\":\"https:\/\/youth4yes.com\/fr\/defendre\/#breadcrumb\"},\"inLanguage\":\"fr-FR\",\"potentialAction\":[{\"@type\":\"ReadAction\",\"target\":[\"https:\/\/youth4yes.com\/fr\/defendre\/\"]}]},{\"@type\":\"BreadcrumbList\",\"@id\":\"https:\/\/youth4yes.com\/fr\/defendre\/#breadcrumb\",\"itemListElement\":[{\"@type\":\"ListItem\",\"position\":1,\"name\":\"Home\",\"item\":\"https:\/\/youth4yes.com\/fr\/\"},{\"@type\":\"ListItem\",\"position\":2,\"name\":\"D\u00e9fendre\"}]},{\"@type\":\"WebSite\",\"@id\":\"http:\/\/youth4yes.com\/fr\/#website\",\"url\":\"http:\/\/youth4yes.com\/fr\/\",\"name\":\"Youth4Yes\",\"description\":\"\",\"potentialAction\":[{\"@type\":\"SearchAction\",\"target\":{\"@type\":\"EntryPoint\",\"urlTemplate\":\"http:\/\/youth4yes.com\/fr\/?s={search_term_string}\"},\"query-input\":{\"@type\":\"PropertyValueSpecification\",\"valueRequired\":true,\"valueName\":\"search_term_string\"}}],\"inLanguage\":\"fr-FR\"}]}<\/script>\n<!-- \/ Yoast SEO plugin. -->","yoast_head_json":{"title":"D\u00e9fendre - Youth4Yes","description":"Comment puis-je d\u00e9fendre mes droits en tant que jeune tout en restant en s\u00e9curit\u00e9 ?","robots":{"index":"index","follow":"follow","max-snippet":"max-snippet:-1","max-image-preview":"max-image-preview:large","max-video-preview":"max-video-preview:-1"},"canonical":"https:\/\/youth4yes.com\/fr\/defendre\/","og_locale":"fr_FR","og_type":"article","og_title":"D\u00e9fendre - Youth4Yes","og_description":"Comment puis-je d\u00e9fendre mes droits en tant que jeune tout en restant en s\u00e9curit\u00e9 ?","og_url":"https:\/\/youth4yes.com\/fr\/defendre\/","og_site_name":"Youth4Yes","article_modified_time":"2025-01-02T13:57:42+00:00","twitter_card":"summary_large_image","twitter_misc":{"Est. reading time":"1 minute"},"schema":{"@context":"https:\/\/schema.org","@graph":[{"@type":"WebPage","@id":"https:\/\/youth4yes.com\/fr\/defendre\/","url":"https:\/\/youth4yes.com\/fr\/defendre\/","name":"D\u00e9fendre - Youth4Yes","isPartOf":{"@id":"http:\/\/youth4yes.com\/fr\/#website"},"datePublished":"2023-06-27T14:55:10+00:00","dateModified":"2025-01-02T13:57:42+00:00","description":"Comment puis-je d\u00e9fendre mes droits en tant que jeune tout en restant en s\u00e9curit\u00e9 ?","breadcrumb":{"@id":"https:\/\/youth4yes.com\/fr\/defendre\/#breadcrumb"},"inLanguage":"fr-FR","potentialAction":[{"@type":"ReadAction","target":["https:\/\/youth4yes.com\/fr\/defendre\/"]}]},{"@type":"BreadcrumbList","@id":"https:\/\/youth4yes.com\/fr\/defendre\/#breadcrumb","itemListElement":[{"@type":"ListItem","position":1,"name":"Home","item":"https:\/\/youth4yes.com\/fr\/"},{"@type":"ListItem","position":2,"name":"D\u00e9fendre"}]},{"@type":"WebSite","@id":"http:\/\/youth4yes.com\/fr\/#website","url":"http:\/\/youth4yes.com\/fr\/","name":"Youth4Yes","description":"","potentialAction":[{"@type":"SearchAction","target":{"@type":"EntryPoint","urlTemplate":"http:\/\/youth4yes.com\/fr\/?s={search_term_string}"},"query-input":{"@type":"PropertyValueSpecification","valueRequired":true,"valueName":"search_term_string"}}],"inLanguage":"fr-FR"}]}},"_links":{"self":[{"href":"https:\/\/youth4yes.com\/fr\/wp-json\/wp\/v2\/pages\/1251","targetHints":{"allow":["GET"]}}],"collection":[{"href":"https:\/\/youth4yes.com\/fr\/wp-json\/wp\/v2\/pages"}],"about":[{"href":"https:\/\/youth4yes.com\/fr\/wp-json\/wp\/v2\/types\/page"}],"author":[{"embeddable":true,"href":"https:\/\/youth4yes.com\/fr\/wp-json\/wp\/v2\/users\/1"}],"replies":[{"embeddable":true,"href":"https:\/\/youth4yes.com\/fr\/wp-json\/wp\/v2\/comments?post=1251"}],"version-history":[{"count":0,"href":"https:\/\/youth4yes.com\/fr\/wp-json\/wp\/v2\/pages\/1251\/revisions"}],"wp:attachment":[{"href":"https:\/\/youth4yes.com\/fr\/wp-json\/wp\/v2\/media?parent=1251"}],"curies":[{"name":"wp","href":"https:\/\/api.w.org\/{rel}","templated":true}]}}