{"id":1230,"date":"2023-06-27T15:05:02","date_gmt":"2023-06-27T15:05:02","guid":{"rendered":"https:\/\/youth4yes.com\/le-conseil-des-droits-de-lhomme\/"},"modified":"2024-12-23T15:36:09","modified_gmt":"2024-12-23T15:36:09","slug":"le-conseil-des-droits-de-lhomme","status":"publish","type":"page","link":"https:\/\/youth4yes.com\/fr\/tirer-parti-du-systeme\/le-conseil-des-droits-de-lhomme\/","title":{"rendered":"Le Conseil des droits de l\u2019homme"},"content":{"rendered":"","protected":false},"excerpt":{"rendered":"","protected":false},"author":1,"featured_media":0,"parent":1232,"menu_order":0,"comment_status":"closed","ping_status":"closed","template":"template-pagebuilder.php","meta":{"_acf_changed":false,"footnotes":""},"class_list":["post-1230","page","type-page","status-publish","hentry"],"acf":[],"yoast_head":"<!-- This site is optimized with the Yoast SEO plugin v25.6 - https:\/\/yoast.com\/wordpress\/plugins\/seo\/ -->\n<title>Le Conseil des droits de l\u2019homme - Youth4Yes<\/title>\n<meta name=\"description\" content=\"Le Conseil des droits de l\u2019homme est un organe du syst\u00e8me des Nations Unies compos\u00e9 d&#039;\u00c9tats, \u00e9galement connu sous le nom d&#039;organe intergouvernemental, qui est charg\u00e9 de promouvoir et de prot\u00e9ger les droits humains dans le monde entier\" \/>\n<meta name=\"robots\" content=\"index, follow, max-snippet:-1, max-image-preview:large, max-video-preview:-1\" \/>\n<link rel=\"canonical\" href=\"https:\/\/youth4yes.com\/fr\/tirer-parti-du-systeme\/le-conseil-des-droits-de-lhomme\/\" \/>\n<meta property=\"og:locale\" content=\"fr_FR\" \/>\n<meta property=\"og:type\" content=\"article\" \/>\n<meta property=\"og:title\" content=\"Le Conseil des droits de l\u2019homme - Youth4Yes\" \/>\n<meta property=\"og:description\" content=\"Le Conseil des droits de l\u2019homme est un organe du syst\u00e8me des Nations Unies compos\u00e9 d&#039;\u00c9tats, \u00e9galement connu sous le nom d&#039;organe intergouvernemental, qui est charg\u00e9 de promouvoir et de prot\u00e9ger les droits humains dans le monde entier\" \/>\n<meta property=\"og:url\" content=\"https:\/\/youth4yes.com\/fr\/tirer-parti-du-systeme\/le-conseil-des-droits-de-lhomme\/\" \/>\n<meta property=\"og:site_name\" content=\"Youth4Yes\" \/>\n<meta property=\"article:modified_time\" content=\"2024-12-23T15:36:09+00:00\" \/>\n<meta name=\"twitter:card\" content=\"summary_large_image\" \/>\n<meta name=\"twitter:label1\" content=\"Est. reading time\" \/>\n\t<meta name=\"twitter:data1\" content=\"3 minutes\" \/>\n<script type=\"application\/ld+json\" class=\"yoast-schema-graph\">{\"@context\":\"https:\/\/schema.org\",\"@graph\":[{\"@type\":\"WebPage\",\"@id\":\"https:\/\/youth4yes.com\/fr\/tirer-parti-du-systeme\/le-conseil-des-droits-de-lhomme\/\",\"url\":\"https:\/\/youth4yes.com\/fr\/tirer-parti-du-systeme\/le-conseil-des-droits-de-lhomme\/\",\"name\":\"Le Conseil des droits de l\u2019homme - Youth4Yes\",\"isPartOf\":{\"@id\":\"https:\/\/youth4yes.com\/fr\/#website\"},\"datePublished\":\"2023-06-27T15:05:02+00:00\",\"dateModified\":\"2024-12-23T15:36:09+00:00\",\"description\":\"Le Conseil des droits de l\u2019homme est un organe du syst\u00e8me des Nations Unies compos\u00e9 d'\u00c9tats, \u00e9galement connu sous le nom d'organe intergouvernemental, qui est charg\u00e9 de promouvoir et de prot\u00e9ger les droits humains dans le monde entier\",\"breadcrumb\":{\"@id\":\"https:\/\/youth4yes.com\/fr\/tirer-parti-du-systeme\/le-conseil-des-droits-de-lhomme\/#breadcrumb\"},\"inLanguage\":\"fr-FR\",\"potentialAction\":[{\"@type\":\"ReadAction\",\"target\":[\"https:\/\/youth4yes.com\/fr\/tirer-parti-du-systeme\/le-conseil-des-droits-de-lhomme\/\"]}]},{\"@type\":\"BreadcrumbList\",\"@id\":\"https:\/\/youth4yes.com\/fr\/tirer-parti-du-systeme\/le-conseil-des-droits-de-lhomme\/#breadcrumb\",\"itemListElement\":[{\"@type\":\"ListItem\",\"position\":1,\"name\":\"Home\",\"item\":\"https:\/\/youth4yes.com\/fr\/\"},{\"@type\":\"ListItem\",\"position\":2,\"name\":\"Tirer parti du syst\u00e8me\",\"item\":\"https:\/\/youth4yes.com\/fr\/tirer-parti-du-systeme\/\"},{\"@type\":\"ListItem\",\"position\":3,\"name\":\"Le Conseil des droits de l\u2019homme\"}]},{\"@type\":\"WebSite\",\"@id\":\"https:\/\/youth4yes.com\/fr\/#website\",\"url\":\"https:\/\/youth4yes.com\/fr\/\",\"name\":\"Youth4Yes\",\"description\":\"\",\"potentialAction\":[{\"@type\":\"SearchAction\",\"target\":{\"@type\":\"EntryPoint\",\"urlTemplate\":\"https:\/\/youth4yes.com\/fr\/?s={search_term_string}\"},\"query-input\":{\"@type\":\"PropertyValueSpecification\",\"valueRequired\":true,\"valueName\":\"search_term_string\"}}],\"inLanguage\":\"fr-FR\"}]}<\/script>\n<!-- \/ Yoast SEO plugin. -->","yoast_head_json":{"title":"Le Conseil des droits de l\u2019homme - Youth4Yes","description":"Le Conseil des droits de l\u2019homme est un organe du syst\u00e8me des Nations Unies compos\u00e9 d'\u00c9tats, \u00e9galement connu sous le nom d'organe intergouvernemental, qui est charg\u00e9 de promouvoir et de prot\u00e9ger les droits humains dans le monde entier","robots":{"index":"index","follow":"follow","max-snippet":"max-snippet:-1","max-image-preview":"max-image-preview:large","max-video-preview":"max-video-preview:-1"},"canonical":"https:\/\/youth4yes.com\/fr\/tirer-parti-du-systeme\/le-conseil-des-droits-de-lhomme\/","og_locale":"fr_FR","og_type":"article","og_title":"Le Conseil des droits de l\u2019homme - Youth4Yes","og_description":"Le Conseil des droits de l\u2019homme est un organe du syst\u00e8me des Nations Unies compos\u00e9 d'\u00c9tats, \u00e9galement connu sous le nom d'organe intergouvernemental, qui est charg\u00e9 de promouvoir et de prot\u00e9ger les droits humains dans le monde entier","og_url":"https:\/\/youth4yes.com\/fr\/tirer-parti-du-systeme\/le-conseil-des-droits-de-lhomme\/","og_site_name":"Youth4Yes","article_modified_time":"2024-12-23T15:36:09+00:00","twitter_card":"summary_large_image","twitter_misc":{"Est. reading time":"3 minutes"},"schema":{"@context":"https:\/\/schema.org","@graph":[{"@type":"WebPage","@id":"https:\/\/youth4yes.com\/fr\/tirer-parti-du-systeme\/le-conseil-des-droits-de-lhomme\/","url":"https:\/\/youth4yes.com\/fr\/tirer-parti-du-systeme\/le-conseil-des-droits-de-lhomme\/","name":"Le Conseil des droits de l\u2019homme - Youth4Yes","isPartOf":{"@id":"https:\/\/youth4yes.com\/fr\/#website"},"datePublished":"2023-06-27T15:05:02+00:00","dateModified":"2024-12-23T15:36:09+00:00","description":"Le Conseil des droits de l\u2019homme est un organe du syst\u00e8me des Nations Unies compos\u00e9 d'\u00c9tats, \u00e9galement connu sous le nom d'organe intergouvernemental, qui est charg\u00e9 de promouvoir et de prot\u00e9ger les droits humains dans le monde entier","breadcrumb":{"@id":"https:\/\/youth4yes.com\/fr\/tirer-parti-du-systeme\/le-conseil-des-droits-de-lhomme\/#breadcrumb"},"inLanguage":"fr-FR","potentialAction":[{"@type":"ReadAction","target":["https:\/\/youth4yes.com\/fr\/tirer-parti-du-systeme\/le-conseil-des-droits-de-lhomme\/"]}]},{"@type":"BreadcrumbList","@id":"https:\/\/youth4yes.com\/fr\/tirer-parti-du-systeme\/le-conseil-des-droits-de-lhomme\/#breadcrumb","itemListElement":[{"@type":"ListItem","position":1,"name":"Home","item":"https:\/\/youth4yes.com\/fr\/"},{"@type":"ListItem","position":2,"name":"Tirer parti du syst\u00e8me","item":"https:\/\/youth4yes.com\/fr\/tirer-parti-du-systeme\/"},{"@type":"ListItem","position":3,"name":"Le Conseil des droits de l\u2019homme"}]},{"@type":"WebSite","@id":"https:\/\/youth4yes.com\/fr\/#website","url":"https:\/\/youth4yes.com\/fr\/","name":"Youth4Yes","description":"","potentialAction":[{"@type":"SearchAction","target":{"@type":"EntryPoint","urlTemplate":"https:\/\/youth4yes.com\/fr\/?s={search_term_string}"},"query-input":{"@type":"PropertyValueSpecification","valueRequired":true,"valueName":"search_term_string"}}],"inLanguage":"fr-FR"}]}},"_links":{"self":[{"href":"https:\/\/youth4yes.com\/fr\/wp-json\/wp\/v2\/pages\/1230","targetHints":{"allow":["GET"]}}],"collection":[{"href":"https:\/\/youth4yes.com\/fr\/wp-json\/wp\/v2\/pages"}],"about":[{"href":"https:\/\/youth4yes.com\/fr\/wp-json\/wp\/v2\/types\/page"}],"author":[{"embeddable":true,"href":"https:\/\/youth4yes.com\/fr\/wp-json\/wp\/v2\/users\/1"}],"replies":[{"embeddable":true,"href":"https:\/\/youth4yes.com\/fr\/wp-json\/wp\/v2\/comments?post=1230"}],"version-history":[{"count":0,"href":"https:\/\/youth4yes.com\/fr\/wp-json\/wp\/v2\/pages\/1230\/revisions"}],"up":[{"embeddable":true,"href":"https:\/\/youth4yes.com\/fr\/wp-json\/wp\/v2\/pages\/1232"}],"wp:attachment":[{"href":"https:\/\/youth4yes.com\/fr\/wp-json\/wp\/v2\/media?parent=1230"}],"curies":[{"name":"wp","href":"https:\/\/api.w.org\/{rel}","templated":true}]}}