{"id":1226,"date":"2023-06-27T14:45:05","date_gmt":"2023-06-27T14:45:05","guid":{"rendered":"https:\/\/youth4yes.com\/a-propos\/la-boite-a-outils-pour-le-plaidoyer-en-faveur-des-droits-des-jeunes\/"},"modified":"2024-12-23T16:25:27","modified_gmt":"2024-12-23T16:25:27","slug":"la-boite-a-outils-pour-le-plaidoyer-en-faveur-des-droits-des-jeunes","status":"publish","type":"page","link":"https:\/\/youth4yes.com\/fr\/a-propos\/la-boite-a-outils-pour-le-plaidoyer-en-faveur-des-droits-des-jeunes\/","title":{"rendered":"La bo\u00eete \u00e0 outils pour le plaidoyer en faveur des droits des jeunes"},"content":{"rendered":"","protected":false},"excerpt":{"rendered":"","protected":false},"author":1,"featured_media":0,"parent":1223,"menu_order":0,"comment_status":"closed","ping_status":"closed","template":"template-landing.php","meta":{"_acf_changed":false,"footnotes":""},"class_list":["post-1226","page","type-page","status-publish","hentry"],"acf":[],"yoast_head":"<!-- This site is optimized with the Yoast SEO plugin v25.6 - https:\/\/yoast.com\/wordpress\/plugins\/seo\/ -->\n<title>La bo\u00eete \u00e0 outils pour le plaidoyer en faveur des droits des jeunes - Youth4Yes<\/title>\n<meta name=\"description\" content=\"Cette bo\u00eete \u00e0 outils est destin\u00e9e aux jeunes qui souhaitent en savoir plus sur leurs droits et sur la mani\u00e8re de les d\u00e9fendre.\" \/>\n<meta name=\"robots\" content=\"index, follow, max-snippet:-1, max-image-preview:large, max-video-preview:-1\" \/>\n<link rel=\"canonical\" href=\"https:\/\/youth4yes.com\/fr\/a-propos\/la-boite-a-outils-pour-le-plaidoyer-en-faveur-des-droits-des-jeunes\/\" \/>\n<meta property=\"og:locale\" content=\"fr_FR\" \/>\n<meta property=\"og:type\" content=\"article\" \/>\n<meta property=\"og:title\" content=\"La bo\u00eete \u00e0 outils pour le plaidoyer en faveur des droits des jeunes - Youth4Yes\" \/>\n<meta property=\"og:description\" content=\"Cette bo\u00eete \u00e0 outils est destin\u00e9e aux jeunes qui souhaitent en savoir plus sur leurs droits et sur la mani\u00e8re de les d\u00e9fendre.\" \/>\n<meta property=\"og:url\" content=\"https:\/\/youth4yes.com\/fr\/a-propos\/la-boite-a-outils-pour-le-plaidoyer-en-faveur-des-droits-des-jeunes\/\" \/>\n<meta property=\"og:site_name\" content=\"Youth4Yes\" \/>\n<meta property=\"article:modified_time\" content=\"2024-12-23T16:25:27+00:00\" \/>\n<meta name=\"twitter:card\" content=\"summary_large_image\" \/>\n<meta name=\"twitter:label1\" content=\"Est. reading time\" \/>\n\t<meta name=\"twitter:data1\" content=\"1 minute\" \/>\n<script type=\"application\/ld+json\" class=\"yoast-schema-graph\">{\"@context\":\"https:\/\/schema.org\",\"@graph\":[{\"@type\":\"WebPage\",\"@id\":\"https:\/\/youth4yes.com\/fr\/a-propos\/la-boite-a-outils-pour-le-plaidoyer-en-faveur-des-droits-des-jeunes\/\",\"url\":\"https:\/\/youth4yes.com\/fr\/a-propos\/la-boite-a-outils-pour-le-plaidoyer-en-faveur-des-droits-des-jeunes\/\",\"name\":\"La bo\u00eete \u00e0 outils pour le plaidoyer en faveur des droits des jeunes - Youth4Yes\",\"isPartOf\":{\"@id\":\"https:\/\/youth4yes.com\/fr\/#website\"},\"datePublished\":\"2023-06-27T14:45:05+00:00\",\"dateModified\":\"2024-12-23T16:25:27+00:00\",\"description\":\"Cette bo\u00eete \u00e0 outils est destin\u00e9e aux jeunes qui souhaitent en savoir plus sur leurs droits et sur la mani\u00e8re de les d\u00e9fendre.\",\"breadcrumb\":{\"@id\":\"https:\/\/youth4yes.com\/fr\/a-propos\/la-boite-a-outils-pour-le-plaidoyer-en-faveur-des-droits-des-jeunes\/#breadcrumb\"},\"inLanguage\":\"fr-FR\",\"potentialAction\":[{\"@type\":\"ReadAction\",\"target\":[\"https:\/\/youth4yes.com\/fr\/a-propos\/la-boite-a-outils-pour-le-plaidoyer-en-faveur-des-droits-des-jeunes\/\"]}]},{\"@type\":\"BreadcrumbList\",\"@id\":\"https:\/\/youth4yes.com\/fr\/a-propos\/la-boite-a-outils-pour-le-plaidoyer-en-faveur-des-droits-des-jeunes\/#breadcrumb\",\"itemListElement\":[{\"@type\":\"ListItem\",\"position\":1,\"name\":\"Home\",\"item\":\"https:\/\/youth4yes.com\/fr\/\"},{\"@type\":\"ListItem\",\"position\":2,\"name\":\"\u00c0 propos\",\"item\":\"https:\/\/youth4yes.com\/fr\/a-propos\/\"},{\"@type\":\"ListItem\",\"position\":3,\"name\":\"La bo\u00eete \u00e0 outils pour le plaidoyer en faveur des droits des jeunes\"}]},{\"@type\":\"WebSite\",\"@id\":\"https:\/\/youth4yes.com\/fr\/#website\",\"url\":\"https:\/\/youth4yes.com\/fr\/\",\"name\":\"Youth4Yes\",\"description\":\"\",\"potentialAction\":[{\"@type\":\"SearchAction\",\"target\":{\"@type\":\"EntryPoint\",\"urlTemplate\":\"https:\/\/youth4yes.com\/fr\/?s={search_term_string}\"},\"query-input\":{\"@type\":\"PropertyValueSpecification\",\"valueRequired\":true,\"valueName\":\"search_term_string\"}}],\"inLanguage\":\"fr-FR\"}]}<\/script>\n<!-- \/ Yoast SEO plugin. -->","yoast_head_json":{"title":"La bo\u00eete \u00e0 outils pour le plaidoyer en faveur des droits des jeunes - Youth4Yes","description":"Cette bo\u00eete \u00e0 outils est destin\u00e9e aux jeunes qui souhaitent en savoir plus sur leurs droits et sur la mani\u00e8re de les d\u00e9fendre.","robots":{"index":"index","follow":"follow","max-snippet":"max-snippet:-1","max-image-preview":"max-image-preview:large","max-video-preview":"max-video-preview:-1"},"canonical":"https:\/\/youth4yes.com\/fr\/a-propos\/la-boite-a-outils-pour-le-plaidoyer-en-faveur-des-droits-des-jeunes\/","og_locale":"fr_FR","og_type":"article","og_title":"La bo\u00eete \u00e0 outils pour le plaidoyer en faveur des droits des jeunes - Youth4Yes","og_description":"Cette bo\u00eete \u00e0 outils est destin\u00e9e aux jeunes qui souhaitent en savoir plus sur leurs droits et sur la mani\u00e8re de les d\u00e9fendre.","og_url":"https:\/\/youth4yes.com\/fr\/a-propos\/la-boite-a-outils-pour-le-plaidoyer-en-faveur-des-droits-des-jeunes\/","og_site_name":"Youth4Yes","article_modified_time":"2024-12-23T16:25:27+00:00","twitter_card":"summary_large_image","twitter_misc":{"Est. reading time":"1 minute"},"schema":{"@context":"https:\/\/schema.org","@graph":[{"@type":"WebPage","@id":"https:\/\/youth4yes.com\/fr\/a-propos\/la-boite-a-outils-pour-le-plaidoyer-en-faveur-des-droits-des-jeunes\/","url":"https:\/\/youth4yes.com\/fr\/a-propos\/la-boite-a-outils-pour-le-plaidoyer-en-faveur-des-droits-des-jeunes\/","name":"La bo\u00eete \u00e0 outils pour le plaidoyer en faveur des droits des jeunes - Youth4Yes","isPartOf":{"@id":"https:\/\/youth4yes.com\/fr\/#website"},"datePublished":"2023-06-27T14:45:05+00:00","dateModified":"2024-12-23T16:25:27+00:00","description":"Cette bo\u00eete \u00e0 outils est destin\u00e9e aux jeunes qui souhaitent en savoir plus sur leurs droits et sur la mani\u00e8re de les d\u00e9fendre.","breadcrumb":{"@id":"https:\/\/youth4yes.com\/fr\/a-propos\/la-boite-a-outils-pour-le-plaidoyer-en-faveur-des-droits-des-jeunes\/#breadcrumb"},"inLanguage":"fr-FR","potentialAction":[{"@type":"ReadAction","target":["https:\/\/youth4yes.com\/fr\/a-propos\/la-boite-a-outils-pour-le-plaidoyer-en-faveur-des-droits-des-jeunes\/"]}]},{"@type":"BreadcrumbList","@id":"https:\/\/youth4yes.com\/fr\/a-propos\/la-boite-a-outils-pour-le-plaidoyer-en-faveur-des-droits-des-jeunes\/#breadcrumb","itemListElement":[{"@type":"ListItem","position":1,"name":"Home","item":"https:\/\/youth4yes.com\/fr\/"},{"@type":"ListItem","position":2,"name":"\u00c0 propos","item":"https:\/\/youth4yes.com\/fr\/a-propos\/"},{"@type":"ListItem","position":3,"name":"La bo\u00eete \u00e0 outils pour le plaidoyer en faveur des droits des jeunes"}]},{"@type":"WebSite","@id":"https:\/\/youth4yes.com\/fr\/#website","url":"https:\/\/youth4yes.com\/fr\/","name":"Youth4Yes","description":"","potentialAction":[{"@type":"SearchAction","target":{"@type":"EntryPoint","urlTemplate":"https:\/\/youth4yes.com\/fr\/?s={search_term_string}"},"query-input":{"@type":"PropertyValueSpecification","valueRequired":true,"valueName":"search_term_string"}}],"inLanguage":"fr-FR"}]}},"_links":{"self":[{"href":"https:\/\/youth4yes.com\/fr\/wp-json\/wp\/v2\/pages\/1226","targetHints":{"allow":["GET"]}}],"collection":[{"href":"https:\/\/youth4yes.com\/fr\/wp-json\/wp\/v2\/pages"}],"about":[{"href":"https:\/\/youth4yes.com\/fr\/wp-json\/wp\/v2\/types\/page"}],"author":[{"embeddable":true,"href":"https:\/\/youth4yes.com\/fr\/wp-json\/wp\/v2\/users\/1"}],"replies":[{"embeddable":true,"href":"https:\/\/youth4yes.com\/fr\/wp-json\/wp\/v2\/comments?post=1226"}],"version-history":[{"count":0,"href":"https:\/\/youth4yes.com\/fr\/wp-json\/wp\/v2\/pages\/1226\/revisions"}],"up":[{"embeddable":true,"href":"https:\/\/youth4yes.com\/fr\/wp-json\/wp\/v2\/pages\/1223"}],"wp:attachment":[{"href":"https:\/\/youth4yes.com\/fr\/wp-json\/wp\/v2\/media?parent=1226"}],"curies":[{"name":"wp","href":"https:\/\/api.w.org\/{rel}","templated":true}]}}