{"id":1225,"date":"2023-06-27T14:46:08","date_gmt":"2023-06-27T14:46:08","guid":{"rendered":"https:\/\/youth4yes.com\/a-propos\/comment-utiliser-la-boite-a-outils\/"},"modified":"2024-12-23T16:27:37","modified_gmt":"2024-12-23T16:27:37","slug":"comment-utiliser-la-boite-a-outils","status":"publish","type":"page","link":"https:\/\/youth4yes.com\/fr\/a-propos\/comment-utiliser-la-boite-a-outils\/","title":{"rendered":"Comment utiliser la bo\u00eete \u00e0 outils ?"},"content":{"rendered":"","protected":false},"excerpt":{"rendered":"","protected":false},"author":1,"featured_media":0,"parent":1223,"menu_order":0,"comment_status":"closed","ping_status":"closed","template":"template-pagebuilder.php","meta":{"_acf_changed":false,"footnotes":""},"class_list":["post-1225","page","type-page","status-publish","hentry"],"acf":[],"yoast_head":"<!-- This site is optimized with the Yoast SEO plugin v25.6 - https:\/\/yoast.com\/wordpress\/plugins\/seo\/ -->\n<title>Comment utiliser la bo\u00eete \u00e0 outils ? - Youth4Yes<\/title>\n<meta name=\"description\" content=\"Vous \u00eates peut-\u00eatre d\u00e9j\u00e0 familiaris\u00e9 avec certains des sujets abord\u00e9s dans la bo\u00eete \u00e0 outils. R\u00e9pondez aux questions suivantes afin d&#039;\u00e9valuer votre niveau de connaissance et de vous faire une id\u00e9e de la ou des sections qui pourraient vous \u00eatre les plus utiles, en fonction de vos centres d&#039;int\u00e9r\u00eat.\" \/>\n<meta name=\"robots\" content=\"index, follow, max-snippet:-1, max-image-preview:large, max-video-preview:-1\" \/>\n<link rel=\"canonical\" href=\"https:\/\/youth4yes.com\/fr\/a-propos\/comment-utiliser-la-boite-a-outils\/\" \/>\n<meta property=\"og:locale\" content=\"fr_FR\" \/>\n<meta property=\"og:type\" content=\"article\" \/>\n<meta property=\"og:title\" content=\"Comment utiliser la bo\u00eete \u00e0 outils ? - Youth4Yes\" \/>\n<meta property=\"og:description\" content=\"Vous \u00eates peut-\u00eatre d\u00e9j\u00e0 familiaris\u00e9 avec certains des sujets abord\u00e9s dans la bo\u00eete \u00e0 outils. R\u00e9pondez aux questions suivantes afin d&#039;\u00e9valuer votre niveau de connaissance et de vous faire une id\u00e9e de la ou des sections qui pourraient vous \u00eatre les plus utiles, en fonction de vos centres d&#039;int\u00e9r\u00eat.\" \/>\n<meta property=\"og:url\" content=\"https:\/\/youth4yes.com\/fr\/a-propos\/comment-utiliser-la-boite-a-outils\/\" \/>\n<meta property=\"og:site_name\" content=\"Youth4Yes\" \/>\n<meta property=\"article:modified_time\" content=\"2024-12-23T16:27:37+00:00\" \/>\n<meta name=\"twitter:card\" content=\"summary_large_image\" \/>\n<meta name=\"twitter:label1\" content=\"Est. reading time\" \/>\n\t<meta name=\"twitter:data1\" content=\"1 minute\" \/>\n<script type=\"application\/ld+json\" class=\"yoast-schema-graph\">{\"@context\":\"https:\/\/schema.org\",\"@graph\":[{\"@type\":\"WebPage\",\"@id\":\"https:\/\/youth4yes.com\/fr\/a-propos\/comment-utiliser-la-boite-a-outils\/\",\"url\":\"https:\/\/youth4yes.com\/fr\/a-propos\/comment-utiliser-la-boite-a-outils\/\",\"name\":\"Comment utiliser la bo\u00eete \u00e0 outils ? - Youth4Yes\",\"isPartOf\":{\"@id\":\"https:\/\/youth4yes.com\/fr\/#website\"},\"datePublished\":\"2023-06-27T14:46:08+00:00\",\"dateModified\":\"2024-12-23T16:27:37+00:00\",\"description\":\"Vous \u00eates peut-\u00eatre d\u00e9j\u00e0 familiaris\u00e9 avec certains des sujets abord\u00e9s dans la bo\u00eete \u00e0 outils. R\u00e9pondez aux questions suivantes afin d'\u00e9valuer votre niveau de connaissance et de vous faire une id\u00e9e de la ou des sections qui pourraient vous \u00eatre les plus utiles, en fonction de vos centres d'int\u00e9r\u00eat.\",\"breadcrumb\":{\"@id\":\"https:\/\/youth4yes.com\/fr\/a-propos\/comment-utiliser-la-boite-a-outils\/#breadcrumb\"},\"inLanguage\":\"fr-FR\",\"potentialAction\":[{\"@type\":\"ReadAction\",\"target\":[\"https:\/\/youth4yes.com\/fr\/a-propos\/comment-utiliser-la-boite-a-outils\/\"]}]},{\"@type\":\"BreadcrumbList\",\"@id\":\"https:\/\/youth4yes.com\/fr\/a-propos\/comment-utiliser-la-boite-a-outils\/#breadcrumb\",\"itemListElement\":[{\"@type\":\"ListItem\",\"position\":1,\"name\":\"Home\",\"item\":\"https:\/\/youth4yes.com\/fr\/\"},{\"@type\":\"ListItem\",\"position\":2,\"name\":\"\u00c0 propos\",\"item\":\"https:\/\/youth4yes.com\/fr\/a-propos\/\"},{\"@type\":\"ListItem\",\"position\":3,\"name\":\"Comment utiliser la bo\u00eete \u00e0 outils ?\"}]},{\"@type\":\"WebSite\",\"@id\":\"https:\/\/youth4yes.com\/fr\/#website\",\"url\":\"https:\/\/youth4yes.com\/fr\/\",\"name\":\"Youth4Yes\",\"description\":\"\",\"potentialAction\":[{\"@type\":\"SearchAction\",\"target\":{\"@type\":\"EntryPoint\",\"urlTemplate\":\"https:\/\/youth4yes.com\/fr\/?s={search_term_string}\"},\"query-input\":{\"@type\":\"PropertyValueSpecification\",\"valueRequired\":true,\"valueName\":\"search_term_string\"}}],\"inLanguage\":\"fr-FR\"}]}<\/script>\n<!-- \/ Yoast SEO plugin. -->","yoast_head_json":{"title":"Comment utiliser la bo\u00eete \u00e0 outils ? - Youth4Yes","description":"Vous \u00eates peut-\u00eatre d\u00e9j\u00e0 familiaris\u00e9 avec certains des sujets abord\u00e9s dans la bo\u00eete \u00e0 outils. R\u00e9pondez aux questions suivantes afin d'\u00e9valuer votre niveau de connaissance et de vous faire une id\u00e9e de la ou des sections qui pourraient vous \u00eatre les plus utiles, en fonction de vos centres d'int\u00e9r\u00eat.","robots":{"index":"index","follow":"follow","max-snippet":"max-snippet:-1","max-image-preview":"max-image-preview:large","max-video-preview":"max-video-preview:-1"},"canonical":"https:\/\/youth4yes.com\/fr\/a-propos\/comment-utiliser-la-boite-a-outils\/","og_locale":"fr_FR","og_type":"article","og_title":"Comment utiliser la bo\u00eete \u00e0 outils ? - Youth4Yes","og_description":"Vous \u00eates peut-\u00eatre d\u00e9j\u00e0 familiaris\u00e9 avec certains des sujets abord\u00e9s dans la bo\u00eete \u00e0 outils. R\u00e9pondez aux questions suivantes afin d'\u00e9valuer votre niveau de connaissance et de vous faire une id\u00e9e de la ou des sections qui pourraient vous \u00eatre les plus utiles, en fonction de vos centres d'int\u00e9r\u00eat.","og_url":"https:\/\/youth4yes.com\/fr\/a-propos\/comment-utiliser-la-boite-a-outils\/","og_site_name":"Youth4Yes","article_modified_time":"2024-12-23T16:27:37+00:00","twitter_card":"summary_large_image","twitter_misc":{"Est. reading time":"1 minute"},"schema":{"@context":"https:\/\/schema.org","@graph":[{"@type":"WebPage","@id":"https:\/\/youth4yes.com\/fr\/a-propos\/comment-utiliser-la-boite-a-outils\/","url":"https:\/\/youth4yes.com\/fr\/a-propos\/comment-utiliser-la-boite-a-outils\/","name":"Comment utiliser la bo\u00eete \u00e0 outils ? - Youth4Yes","isPartOf":{"@id":"https:\/\/youth4yes.com\/fr\/#website"},"datePublished":"2023-06-27T14:46:08+00:00","dateModified":"2024-12-23T16:27:37+00:00","description":"Vous \u00eates peut-\u00eatre d\u00e9j\u00e0 familiaris\u00e9 avec certains des sujets abord\u00e9s dans la bo\u00eete \u00e0 outils. R\u00e9pondez aux questions suivantes afin d'\u00e9valuer votre niveau de connaissance et de vous faire une id\u00e9e de la ou des sections qui pourraient vous \u00eatre les plus utiles, en fonction de vos centres d'int\u00e9r\u00eat.","breadcrumb":{"@id":"https:\/\/youth4yes.com\/fr\/a-propos\/comment-utiliser-la-boite-a-outils\/#breadcrumb"},"inLanguage":"fr-FR","potentialAction":[{"@type":"ReadAction","target":["https:\/\/youth4yes.com\/fr\/a-propos\/comment-utiliser-la-boite-a-outils\/"]}]},{"@type":"BreadcrumbList","@id":"https:\/\/youth4yes.com\/fr\/a-propos\/comment-utiliser-la-boite-a-outils\/#breadcrumb","itemListElement":[{"@type":"ListItem","position":1,"name":"Home","item":"https:\/\/youth4yes.com\/fr\/"},{"@type":"ListItem","position":2,"name":"\u00c0 propos","item":"https:\/\/youth4yes.com\/fr\/a-propos\/"},{"@type":"ListItem","position":3,"name":"Comment utiliser la bo\u00eete \u00e0 outils ?"}]},{"@type":"WebSite","@id":"https:\/\/youth4yes.com\/fr\/#website","url":"https:\/\/youth4yes.com\/fr\/","name":"Youth4Yes","description":"","potentialAction":[{"@type":"SearchAction","target":{"@type":"EntryPoint","urlTemplate":"https:\/\/youth4yes.com\/fr\/?s={search_term_string}"},"query-input":{"@type":"PropertyValueSpecification","valueRequired":true,"valueName":"search_term_string"}}],"inLanguage":"fr-FR"}]}},"_links":{"self":[{"href":"https:\/\/youth4yes.com\/fr\/wp-json\/wp\/v2\/pages\/1225","targetHints":{"allow":["GET"]}}],"collection":[{"href":"https:\/\/youth4yes.com\/fr\/wp-json\/wp\/v2\/pages"}],"about":[{"href":"https:\/\/youth4yes.com\/fr\/wp-json\/wp\/v2\/types\/page"}],"author":[{"embeddable":true,"href":"https:\/\/youth4yes.com\/fr\/wp-json\/wp\/v2\/users\/1"}],"replies":[{"embeddable":true,"href":"https:\/\/youth4yes.com\/fr\/wp-json\/wp\/v2\/comments?post=1225"}],"version-history":[{"count":0,"href":"https:\/\/youth4yes.com\/fr\/wp-json\/wp\/v2\/pages\/1225\/revisions"}],"up":[{"embeddable":true,"href":"https:\/\/youth4yes.com\/fr\/wp-json\/wp\/v2\/pages\/1223"}],"wp:attachment":[{"href":"https:\/\/youth4yes.com\/fr\/wp-json\/wp\/v2\/media?parent=1225"}],"curies":[{"name":"wp","href":"https:\/\/api.w.org\/{rel}","templated":true}]}}