{"id":1224,"date":"2023-06-27T14:46:28","date_gmt":"2023-06-27T14:46:28","guid":{"rendered":"https:\/\/youth4yes.com\/a-propos\/pour-commencer-quelques-definitions-de-base\/"},"modified":"2024-12-23T16:29:04","modified_gmt":"2024-12-23T16:29:04","slug":"pour-commencer-quelques-definitions-de-base","status":"publish","type":"page","link":"https:\/\/youth4yes.com\/fr\/a-propos\/pour-commencer-quelques-definitions-de-base\/","title":{"rendered":"Pour commencer : quelques d\u00e9finitions de base"},"content":{"rendered":"","protected":false},"excerpt":{"rendered":"","protected":false},"author":1,"featured_media":0,"parent":1223,"menu_order":0,"comment_status":"closed","ping_status":"closed","template":"template-pagebuilder.php","meta":{"_acf_changed":false,"footnotes":""},"class_list":["post-1224","page","type-page","status-publish","hentry"],"acf":[],"yoast_head":"<!-- This site is optimized with the Yoast SEO plugin v25.6 - https:\/\/yoast.com\/wordpress\/plugins\/seo\/ -->\n<title>Pour commencer : quelques d\u00e9finitions de base - Youth4Yes<\/title>\n<meta name=\"description\" content=\"Cette bo\u00eete \u00e0 outils utilise un certain nombre de d\u00e9finitions et de concepts qui peuvent \u00eatre nouveaux pour vous. Vous trouverez ci-dessous quelques d\u00e9finitions de base qui vous aideront \u00e0 comprendre ce que nous voulons dire.\" \/>\n<meta name=\"robots\" content=\"index, follow, max-snippet:-1, max-image-preview:large, max-video-preview:-1\" \/>\n<link rel=\"canonical\" href=\"https:\/\/youth4yes.com\/fr\/a-propos\/pour-commencer-quelques-definitions-de-base\/\" \/>\n<meta property=\"og:locale\" content=\"fr_FR\" \/>\n<meta property=\"og:type\" content=\"article\" \/>\n<meta property=\"og:title\" content=\"Pour commencer : quelques d\u00e9finitions de base - Youth4Yes\" \/>\n<meta property=\"og:description\" content=\"Cette bo\u00eete \u00e0 outils utilise un certain nombre de d\u00e9finitions et de concepts qui peuvent \u00eatre nouveaux pour vous. Vous trouverez ci-dessous quelques d\u00e9finitions de base qui vous aideront \u00e0 comprendre ce que nous voulons dire.\" \/>\n<meta property=\"og:url\" content=\"https:\/\/youth4yes.com\/fr\/a-propos\/pour-commencer-quelques-definitions-de-base\/\" \/>\n<meta property=\"og:site_name\" content=\"Youth4Yes\" \/>\n<meta property=\"article:modified_time\" content=\"2024-12-23T16:29:04+00:00\" \/>\n<meta name=\"twitter:card\" content=\"summary_large_image\" \/>\n<meta name=\"twitter:label1\" content=\"Est. reading time\" \/>\n\t<meta name=\"twitter:data1\" content=\"2 minutes\" \/>\n<script type=\"application\/ld+json\" class=\"yoast-schema-graph\">{\"@context\":\"https:\/\/schema.org\",\"@graph\":[{\"@type\":\"WebPage\",\"@id\":\"https:\/\/youth4yes.com\/fr\/a-propos\/pour-commencer-quelques-definitions-de-base\/\",\"url\":\"https:\/\/youth4yes.com\/fr\/a-propos\/pour-commencer-quelques-definitions-de-base\/\",\"name\":\"Pour commencer : quelques d\u00e9finitions de base - Youth4Yes\",\"isPartOf\":{\"@id\":\"https:\/\/youth4yes.com\/fr\/#website\"},\"datePublished\":\"2023-06-27T14:46:28+00:00\",\"dateModified\":\"2024-12-23T16:29:04+00:00\",\"description\":\"Cette bo\u00eete \u00e0 outils utilise un certain nombre de d\u00e9finitions et de concepts qui peuvent \u00eatre nouveaux pour vous. Vous trouverez ci-dessous quelques d\u00e9finitions de base qui vous aideront \u00e0 comprendre ce que nous voulons dire.\",\"breadcrumb\":{\"@id\":\"https:\/\/youth4yes.com\/fr\/a-propos\/pour-commencer-quelques-definitions-de-base\/#breadcrumb\"},\"inLanguage\":\"fr-FR\",\"potentialAction\":[{\"@type\":\"ReadAction\",\"target\":[\"https:\/\/youth4yes.com\/fr\/a-propos\/pour-commencer-quelques-definitions-de-base\/\"]}]},{\"@type\":\"BreadcrumbList\",\"@id\":\"https:\/\/youth4yes.com\/fr\/a-propos\/pour-commencer-quelques-definitions-de-base\/#breadcrumb\",\"itemListElement\":[{\"@type\":\"ListItem\",\"position\":1,\"name\":\"Home\",\"item\":\"https:\/\/youth4yes.com\/fr\/\"},{\"@type\":\"ListItem\",\"position\":2,\"name\":\"\u00c0 propos\",\"item\":\"https:\/\/youth4yes.com\/fr\/a-propos\/\"},{\"@type\":\"ListItem\",\"position\":3,\"name\":\"Pour commencer : quelques d\u00e9finitions de base\"}]},{\"@type\":\"WebSite\",\"@id\":\"https:\/\/youth4yes.com\/fr\/#website\",\"url\":\"https:\/\/youth4yes.com\/fr\/\",\"name\":\"Youth4Yes\",\"description\":\"\",\"potentialAction\":[{\"@type\":\"SearchAction\",\"target\":{\"@type\":\"EntryPoint\",\"urlTemplate\":\"https:\/\/youth4yes.com\/fr\/?s={search_term_string}\"},\"query-input\":{\"@type\":\"PropertyValueSpecification\",\"valueRequired\":true,\"valueName\":\"search_term_string\"}}],\"inLanguage\":\"fr-FR\"}]}<\/script>\n<!-- \/ Yoast SEO plugin. -->","yoast_head_json":{"title":"Pour commencer : quelques d\u00e9finitions de base - Youth4Yes","description":"Cette bo\u00eete \u00e0 outils utilise un certain nombre de d\u00e9finitions et de concepts qui peuvent \u00eatre nouveaux pour vous. Vous trouverez ci-dessous quelques d\u00e9finitions de base qui vous aideront \u00e0 comprendre ce que nous voulons dire.","robots":{"index":"index","follow":"follow","max-snippet":"max-snippet:-1","max-image-preview":"max-image-preview:large","max-video-preview":"max-video-preview:-1"},"canonical":"https:\/\/youth4yes.com\/fr\/a-propos\/pour-commencer-quelques-definitions-de-base\/","og_locale":"fr_FR","og_type":"article","og_title":"Pour commencer : quelques d\u00e9finitions de base - Youth4Yes","og_description":"Cette bo\u00eete \u00e0 outils utilise un certain nombre de d\u00e9finitions et de concepts qui peuvent \u00eatre nouveaux pour vous. Vous trouverez ci-dessous quelques d\u00e9finitions de base qui vous aideront \u00e0 comprendre ce que nous voulons dire.","og_url":"https:\/\/youth4yes.com\/fr\/a-propos\/pour-commencer-quelques-definitions-de-base\/","og_site_name":"Youth4Yes","article_modified_time":"2024-12-23T16:29:04+00:00","twitter_card":"summary_large_image","twitter_misc":{"Est. reading time":"2 minutes"},"schema":{"@context":"https:\/\/schema.org","@graph":[{"@type":"WebPage","@id":"https:\/\/youth4yes.com\/fr\/a-propos\/pour-commencer-quelques-definitions-de-base\/","url":"https:\/\/youth4yes.com\/fr\/a-propos\/pour-commencer-quelques-definitions-de-base\/","name":"Pour commencer : quelques d\u00e9finitions de base - Youth4Yes","isPartOf":{"@id":"https:\/\/youth4yes.com\/fr\/#website"},"datePublished":"2023-06-27T14:46:28+00:00","dateModified":"2024-12-23T16:29:04+00:00","description":"Cette bo\u00eete \u00e0 outils utilise un certain nombre de d\u00e9finitions et de concepts qui peuvent \u00eatre nouveaux pour vous. Vous trouverez ci-dessous quelques d\u00e9finitions de base qui vous aideront \u00e0 comprendre ce que nous voulons dire.","breadcrumb":{"@id":"https:\/\/youth4yes.com\/fr\/a-propos\/pour-commencer-quelques-definitions-de-base\/#breadcrumb"},"inLanguage":"fr-FR","potentialAction":[{"@type":"ReadAction","target":["https:\/\/youth4yes.com\/fr\/a-propos\/pour-commencer-quelques-definitions-de-base\/"]}]},{"@type":"BreadcrumbList","@id":"https:\/\/youth4yes.com\/fr\/a-propos\/pour-commencer-quelques-definitions-de-base\/#breadcrumb","itemListElement":[{"@type":"ListItem","position":1,"name":"Home","item":"https:\/\/youth4yes.com\/fr\/"},{"@type":"ListItem","position":2,"name":"\u00c0 propos","item":"https:\/\/youth4yes.com\/fr\/a-propos\/"},{"@type":"ListItem","position":3,"name":"Pour commencer : quelques d\u00e9finitions de base"}]},{"@type":"WebSite","@id":"https:\/\/youth4yes.com\/fr\/#website","url":"https:\/\/youth4yes.com\/fr\/","name":"Youth4Yes","description":"","potentialAction":[{"@type":"SearchAction","target":{"@type":"EntryPoint","urlTemplate":"https:\/\/youth4yes.com\/fr\/?s={search_term_string}"},"query-input":{"@type":"PropertyValueSpecification","valueRequired":true,"valueName":"search_term_string"}}],"inLanguage":"fr-FR"}]}},"_links":{"self":[{"href":"https:\/\/youth4yes.com\/fr\/wp-json\/wp\/v2\/pages\/1224","targetHints":{"allow":["GET"]}}],"collection":[{"href":"https:\/\/youth4yes.com\/fr\/wp-json\/wp\/v2\/pages"}],"about":[{"href":"https:\/\/youth4yes.com\/fr\/wp-json\/wp\/v2\/types\/page"}],"author":[{"embeddable":true,"href":"https:\/\/youth4yes.com\/fr\/wp-json\/wp\/v2\/users\/1"}],"replies":[{"embeddable":true,"href":"https:\/\/youth4yes.com\/fr\/wp-json\/wp\/v2\/comments?post=1224"}],"version-history":[{"count":0,"href":"https:\/\/youth4yes.com\/fr\/wp-json\/wp\/v2\/pages\/1224\/revisions"}],"up":[{"embeddable":true,"href":"https:\/\/youth4yes.com\/fr\/wp-json\/wp\/v2\/pages\/1223"}],"wp:attachment":[{"href":"https:\/\/youth4yes.com\/fr\/wp-json\/wp\/v2\/media?parent=1224"}],"curies":[{"name":"wp","href":"https:\/\/api.w.org\/{rel}","templated":true}]}}