{"id":1217,"date":"2023-06-27T14:49:42","date_gmt":"2023-06-27T14:49:42","guid":{"rendered":"https:\/\/youth4yes.com\/fundamentos-de-los-derechos-humanos-de-los-jovenes\/que-derechos-tienen-las-personas-jovenes\/derechos-en-el-centro-de-atencion-derecho-a-la-educacion\/"},"modified":"2024-12-24T12:41:50","modified_gmt":"2024-12-24T12:41:50","slug":"derechos-en-el-centro-de-atencion-derecho-a-la-educacion","status":"publish","type":"page","link":"https:\/\/youth4yes.com\/es\/fundamentos-de-los-derechos-humanos-de-los-jovenes\/que-derechos-tienen-las-personas-jovenes\/derechos-en-el-centro-de-atencion-derecho-a-la-educacion\/","title":{"rendered":"Derechos en el centro de atenci\u00f3n: Derecho a la educaci\u00f3n"},"content":{"rendered":"","protected":false},"excerpt":{"rendered":"","protected":false},"author":1,"featured_media":0,"parent":1208,"menu_order":0,"comment_status":"closed","ping_status":"closed","template":"template-pagebuilder.php","meta":{"_acf_changed":false,"footnotes":""},"class_list":["post-1217","page","type-page","status-publish","hentry"],"acf":[],"yoast_head":"<!-- This site is optimized with the Yoast SEO plugin v25.6 - https:\/\/yoast.com\/wordpress\/plugins\/seo\/ -->\n<title>Derechos en el centro de atenci\u00f3n: Derecho a la educaci\u00f3n - Youth4Yes<\/title>\n<meta name=\"description\" content=\"La educaci\u00f3n es tanto un derecho humano en s\u00ed, como un \u2018derecho de empoderamiento\u2019 o pelda\u00f1o para ejercer otros derechos humanos.\" \/>\n<meta name=\"robots\" content=\"index, follow, max-snippet:-1, max-image-preview:large, max-video-preview:-1\" \/>\n<link rel=\"canonical\" href=\"https:\/\/youth4yes.com\/es\/fundamentos-de-los-derechos-humanos-de-los-jovenes\/que-derechos-tienen-las-personas-jovenes\/derechos-en-el-centro-de-atencion-derecho-a-la-educacion\/\" \/>\n<meta property=\"og:locale\" content=\"es_ES\" \/>\n<meta property=\"og:type\" content=\"article\" \/>\n<meta property=\"og:title\" content=\"Derechos en el centro de atenci\u00f3n: Derecho a la educaci\u00f3n - Youth4Yes\" \/>\n<meta property=\"og:description\" content=\"La educaci\u00f3n es tanto un derecho humano en s\u00ed, como un \u2018derecho de empoderamiento\u2019 o pelda\u00f1o para ejercer otros derechos humanos.\" \/>\n<meta property=\"og:url\" content=\"https:\/\/youth4yes.com\/es\/fundamentos-de-los-derechos-humanos-de-los-jovenes\/que-derechos-tienen-las-personas-jovenes\/derechos-en-el-centro-de-atencion-derecho-a-la-educacion\/\" \/>\n<meta property=\"og:site_name\" content=\"Youth4Yes\" \/>\n<meta property=\"article:modified_time\" content=\"2024-12-24T12:41:50+00:00\" \/>\n<meta name=\"twitter:card\" content=\"summary_large_image\" \/>\n<meta name=\"twitter:label1\" content=\"Est. reading time\" \/>\n\t<meta name=\"twitter:data1\" content=\"5 minutes\" \/>\n<script type=\"application\/ld+json\" class=\"yoast-schema-graph\">{\"@context\":\"https:\/\/schema.org\",\"@graph\":[{\"@type\":\"WebPage\",\"@id\":\"https:\/\/youth4yes.com\/es\/fundamentos-de-los-derechos-humanos-de-los-jovenes\/que-derechos-tienen-las-personas-jovenes\/derechos-en-el-centro-de-atencion-derecho-a-la-educacion\/\",\"url\":\"https:\/\/youth4yes.com\/es\/fundamentos-de-los-derechos-humanos-de-los-jovenes\/que-derechos-tienen-las-personas-jovenes\/derechos-en-el-centro-de-atencion-derecho-a-la-educacion\/\",\"name\":\"Derechos en el centro de atenci\u00f3n: Derecho a la educaci\u00f3n - Youth4Yes\",\"isPartOf\":{\"@id\":\"https:\/\/youth4yes.com\/es\/#website\"},\"datePublished\":\"2023-06-27T14:49:42+00:00\",\"dateModified\":\"2024-12-24T12:41:50+00:00\",\"description\":\"La educaci\u00f3n es tanto un derecho humano en s\u00ed, como un \u2018derecho de empoderamiento\u2019 o pelda\u00f1o para ejercer otros derechos humanos.\",\"breadcrumb\":{\"@id\":\"https:\/\/youth4yes.com\/es\/fundamentos-de-los-derechos-humanos-de-los-jovenes\/que-derechos-tienen-las-personas-jovenes\/derechos-en-el-centro-de-atencion-derecho-a-la-educacion\/#breadcrumb\"},\"inLanguage\":\"es-ES\",\"potentialAction\":[{\"@type\":\"ReadAction\",\"target\":[\"https:\/\/youth4yes.com\/es\/fundamentos-de-los-derechos-humanos-de-los-jovenes\/que-derechos-tienen-las-personas-jovenes\/derechos-en-el-centro-de-atencion-derecho-a-la-educacion\/\"]}]},{\"@type\":\"BreadcrumbList\",\"@id\":\"https:\/\/youth4yes.com\/es\/fundamentos-de-los-derechos-humanos-de-los-jovenes\/que-derechos-tienen-las-personas-jovenes\/derechos-en-el-centro-de-atencion-derecho-a-la-educacion\/#breadcrumb\",\"itemListElement\":[{\"@type\":\"ListItem\",\"position\":1,\"name\":\"Home\",\"item\":\"https:\/\/youth4yes.com\/es\/\"},{\"@type\":\"ListItem\",\"position\":2,\"name\":\"Fundamentos de los Derechos Humanos de los J\u00f3venes\",\"item\":\"https:\/\/youth4yes.com\/es\/fundamentos-de-los-derechos-humanos-de-los-jovenes\/\"},{\"@type\":\"ListItem\",\"position\":3,\"name\":\"\u00bfQu\u00e9 Derechos Tienen las Personas J\u00f3venes?\",\"item\":\"https:\/\/youth4yes.com\/es\/fundamentos-de-los-derechos-humanos-de-los-jovenes\/que-derechos-tienen-las-personas-jovenes\/\"},{\"@type\":\"ListItem\",\"position\":4,\"name\":\"Derechos en el centro de atenci\u00f3n: Derecho a la educaci\u00f3n\"}]},{\"@type\":\"WebSite\",\"@id\":\"https:\/\/youth4yes.com\/es\/#website\",\"url\":\"https:\/\/youth4yes.com\/es\/\",\"name\":\"Youth4Yes\",\"description\":\"\",\"potentialAction\":[{\"@type\":\"SearchAction\",\"target\":{\"@type\":\"EntryPoint\",\"urlTemplate\":\"https:\/\/youth4yes.com\/es\/?s={search_term_string}\"},\"query-input\":{\"@type\":\"PropertyValueSpecification\",\"valueRequired\":true,\"valueName\":\"search_term_string\"}}],\"inLanguage\":\"es-ES\"}]}<\/script>\n<!-- \/ Yoast SEO plugin. -->","yoast_head_json":{"title":"Derechos en el centro de atenci\u00f3n: Derecho a la educaci\u00f3n - Youth4Yes","description":"La educaci\u00f3n es tanto un derecho humano en s\u00ed, como un \u2018derecho de empoderamiento\u2019 o pelda\u00f1o para ejercer otros derechos humanos.","robots":{"index":"index","follow":"follow","max-snippet":"max-snippet:-1","max-image-preview":"max-image-preview:large","max-video-preview":"max-video-preview:-1"},"canonical":"https:\/\/youth4yes.com\/es\/fundamentos-de-los-derechos-humanos-de-los-jovenes\/que-derechos-tienen-las-personas-jovenes\/derechos-en-el-centro-de-atencion-derecho-a-la-educacion\/","og_locale":"es_ES","og_type":"article","og_title":"Derechos en el centro de atenci\u00f3n: Derecho a la educaci\u00f3n - Youth4Yes","og_description":"La educaci\u00f3n es tanto un derecho humano en s\u00ed, como un \u2018derecho de empoderamiento\u2019 o pelda\u00f1o para ejercer otros derechos humanos.","og_url":"https:\/\/youth4yes.com\/es\/fundamentos-de-los-derechos-humanos-de-los-jovenes\/que-derechos-tienen-las-personas-jovenes\/derechos-en-el-centro-de-atencion-derecho-a-la-educacion\/","og_site_name":"Youth4Yes","article_modified_time":"2024-12-24T12:41:50+00:00","twitter_card":"summary_large_image","twitter_misc":{"Est. reading time":"5 minutes"},"schema":{"@context":"https:\/\/schema.org","@graph":[{"@type":"WebPage","@id":"https:\/\/youth4yes.com\/es\/fundamentos-de-los-derechos-humanos-de-los-jovenes\/que-derechos-tienen-las-personas-jovenes\/derechos-en-el-centro-de-atencion-derecho-a-la-educacion\/","url":"https:\/\/youth4yes.com\/es\/fundamentos-de-los-derechos-humanos-de-los-jovenes\/que-derechos-tienen-las-personas-jovenes\/derechos-en-el-centro-de-atencion-derecho-a-la-educacion\/","name":"Derechos en el centro de atenci\u00f3n: Derecho a la educaci\u00f3n - Youth4Yes","isPartOf":{"@id":"https:\/\/youth4yes.com\/es\/#website"},"datePublished":"2023-06-27T14:49:42+00:00","dateModified":"2024-12-24T12:41:50+00:00","description":"La educaci\u00f3n es tanto un derecho humano en s\u00ed, como un \u2018derecho de empoderamiento\u2019 o pelda\u00f1o para ejercer otros derechos humanos.","breadcrumb":{"@id":"https:\/\/youth4yes.com\/es\/fundamentos-de-los-derechos-humanos-de-los-jovenes\/que-derechos-tienen-las-personas-jovenes\/derechos-en-el-centro-de-atencion-derecho-a-la-educacion\/#breadcrumb"},"inLanguage":"es-ES","potentialAction":[{"@type":"ReadAction","target":["https:\/\/youth4yes.com\/es\/fundamentos-de-los-derechos-humanos-de-los-jovenes\/que-derechos-tienen-las-personas-jovenes\/derechos-en-el-centro-de-atencion-derecho-a-la-educacion\/"]}]},{"@type":"BreadcrumbList","@id":"https:\/\/youth4yes.com\/es\/fundamentos-de-los-derechos-humanos-de-los-jovenes\/que-derechos-tienen-las-personas-jovenes\/derechos-en-el-centro-de-atencion-derecho-a-la-educacion\/#breadcrumb","itemListElement":[{"@type":"ListItem","position":1,"name":"Home","item":"https:\/\/youth4yes.com\/es\/"},{"@type":"ListItem","position":2,"name":"Fundamentos de los Derechos Humanos de los J\u00f3venes","item":"https:\/\/youth4yes.com\/es\/fundamentos-de-los-derechos-humanos-de-los-jovenes\/"},{"@type":"ListItem","position":3,"name":"\u00bfQu\u00e9 Derechos Tienen las Personas J\u00f3venes?","item":"https:\/\/youth4yes.com\/es\/fundamentos-de-los-derechos-humanos-de-los-jovenes\/que-derechos-tienen-las-personas-jovenes\/"},{"@type":"ListItem","position":4,"name":"Derechos en el centro de atenci\u00f3n: Derecho a la educaci\u00f3n"}]},{"@type":"WebSite","@id":"https:\/\/youth4yes.com\/es\/#website","url":"https:\/\/youth4yes.com\/es\/","name":"Youth4Yes","description":"","potentialAction":[{"@type":"SearchAction","target":{"@type":"EntryPoint","urlTemplate":"https:\/\/youth4yes.com\/es\/?s={search_term_string}"},"query-input":{"@type":"PropertyValueSpecification","valueRequired":true,"valueName":"search_term_string"}}],"inLanguage":"es-ES"}]}},"_links":{"self":[{"href":"https:\/\/youth4yes.com\/es\/wp-json\/wp\/v2\/pages\/1217","targetHints":{"allow":["GET"]}}],"collection":[{"href":"https:\/\/youth4yes.com\/es\/wp-json\/wp\/v2\/pages"}],"about":[{"href":"https:\/\/youth4yes.com\/es\/wp-json\/wp\/v2\/types\/page"}],"author":[{"embeddable":true,"href":"https:\/\/youth4yes.com\/es\/wp-json\/wp\/v2\/users\/1"}],"replies":[{"embeddable":true,"href":"https:\/\/youth4yes.com\/es\/wp-json\/wp\/v2\/comments?post=1217"}],"version-history":[{"count":0,"href":"https:\/\/youth4yes.com\/es\/wp-json\/wp\/v2\/pages\/1217\/revisions"}],"up":[{"embeddable":true,"href":"https:\/\/youth4yes.com\/es\/wp-json\/wp\/v2\/pages\/1208"}],"wp:attachment":[{"href":"https:\/\/youth4yes.com\/es\/wp-json\/wp\/v2\/media?parent=1217"}],"curies":[{"name":"wp","href":"https:\/\/api.w.org\/{rel}","templated":true}]}}