{"id":1138,"date":"2023-06-27T14:45:05","date_gmt":"2023-06-27T14:45:05","guid":{"rendered":"https:\/\/youth4yes.com\/sobre-el-kit-de-herramientas\/kit-de-herramientas-para-la-defensa-de-los-derechos-humanos-de-las-personas-jovenes\/"},"modified":"2024-12-24T12:06:17","modified_gmt":"2024-12-24T12:06:17","slug":"kit-de-herramientas-para-la-defensa-de-los-derechos-humanos-de-las-personas-jovenes","status":"publish","type":"page","link":"https:\/\/youth4yes.com\/es\/sobre-el-kit-de-herramientas\/kit-de-herramientas-para-la-defensa-de-los-derechos-humanos-de-las-personas-jovenes\/","title":{"rendered":"Kit de herramientas para la defensa de los derechos humanos de las personas j\u00f3venes"},"content":{"rendered":"","protected":false},"excerpt":{"rendered":"","protected":false},"author":1,"featured_media":0,"parent":1136,"menu_order":0,"comment_status":"closed","ping_status":"closed","template":"template-landing.php","meta":{"_acf_changed":false,"footnotes":""},"class_list":["post-1138","page","type-page","status-publish","hentry"],"acf":[],"yoast_head":"<!-- This site is optimized with the Yoast SEO plugin v25.6 - https:\/\/yoast.com\/wordpress\/plugins\/seo\/ -->\n<title>Kit de herramientas para la defensa de los derechos humanos de las personas j\u00f3venes - Youth4Yes<\/title>\n<meta name=\"description\" content=\"El kit de herramientas es para personas j\u00f3venes que desean obtener m\u00e1s informaci\u00f3n acerca de sus derechos y c\u00f3mo defenderlos.\" \/>\n<meta name=\"robots\" content=\"index, follow, max-snippet:-1, max-image-preview:large, max-video-preview:-1\" \/>\n<link rel=\"canonical\" href=\"https:\/\/youth4yes.com\/es\/sobre-el-kit-de-herramientas\/kit-de-herramientas-para-la-defensa-de-los-derechos-humanos-de-las-personas-jovenes\/\" \/>\n<meta property=\"og:locale\" content=\"es_ES\" \/>\n<meta property=\"og:type\" content=\"article\" \/>\n<meta property=\"og:title\" content=\"Kit de herramientas para la defensa de los derechos humanos de las personas j\u00f3venes - Youth4Yes\" \/>\n<meta property=\"og:description\" content=\"El kit de herramientas es para personas j\u00f3venes que desean obtener m\u00e1s informaci\u00f3n acerca de sus derechos y c\u00f3mo defenderlos.\" \/>\n<meta property=\"og:url\" content=\"https:\/\/youth4yes.com\/es\/sobre-el-kit-de-herramientas\/kit-de-herramientas-para-la-defensa-de-los-derechos-humanos-de-las-personas-jovenes\/\" \/>\n<meta property=\"og:site_name\" content=\"Youth4Yes\" \/>\n<meta property=\"article:modified_time\" content=\"2024-12-24T12:06:17+00:00\" \/>\n<meta name=\"twitter:card\" content=\"summary_large_image\" \/>\n<meta name=\"twitter:label1\" content=\"Est. reading time\" \/>\n\t<meta name=\"twitter:data1\" content=\"1 minute\" \/>\n<script type=\"application\/ld+json\" class=\"yoast-schema-graph\">{\"@context\":\"https:\/\/schema.org\",\"@graph\":[{\"@type\":\"WebPage\",\"@id\":\"https:\/\/youth4yes.com\/es\/sobre-el-kit-de-herramientas\/kit-de-herramientas-para-la-defensa-de-los-derechos-humanos-de-las-personas-jovenes\/\",\"url\":\"https:\/\/youth4yes.com\/es\/sobre-el-kit-de-herramientas\/kit-de-herramientas-para-la-defensa-de-los-derechos-humanos-de-las-personas-jovenes\/\",\"name\":\"Kit de herramientas para la defensa de los derechos humanos de las personas j\u00f3venes - Youth4Yes\",\"isPartOf\":{\"@id\":\"http:\/\/youth4yes.com\/es\/#website\"},\"datePublished\":\"2023-06-27T14:45:05+00:00\",\"dateModified\":\"2024-12-24T12:06:17+00:00\",\"description\":\"El kit de herramientas es para personas j\u00f3venes que desean obtener m\u00e1s informaci\u00f3n acerca de sus derechos y c\u00f3mo defenderlos.\",\"breadcrumb\":{\"@id\":\"https:\/\/youth4yes.com\/es\/sobre-el-kit-de-herramientas\/kit-de-herramientas-para-la-defensa-de-los-derechos-humanos-de-las-personas-jovenes\/#breadcrumb\"},\"inLanguage\":\"es-ES\",\"potentialAction\":[{\"@type\":\"ReadAction\",\"target\":[\"https:\/\/youth4yes.com\/es\/sobre-el-kit-de-herramientas\/kit-de-herramientas-para-la-defensa-de-los-derechos-humanos-de-las-personas-jovenes\/\"]}]},{\"@type\":\"BreadcrumbList\",\"@id\":\"https:\/\/youth4yes.com\/es\/sobre-el-kit-de-herramientas\/kit-de-herramientas-para-la-defensa-de-los-derechos-humanos-de-las-personas-jovenes\/#breadcrumb\",\"itemListElement\":[{\"@type\":\"ListItem\",\"position\":1,\"name\":\"Home\",\"item\":\"https:\/\/youth4yes.com\/es\/\"},{\"@type\":\"ListItem\",\"position\":2,\"name\":\"Sobre el kit de herramientas\",\"item\":\"https:\/\/youth4yes.com\/es\/sobre-el-kit-de-herramientas\/\"},{\"@type\":\"ListItem\",\"position\":3,\"name\":\"Kit de herramientas para la defensa de los derechos humanos de las personas j\u00f3venes\"}]},{\"@type\":\"WebSite\",\"@id\":\"http:\/\/youth4yes.com\/es\/#website\",\"url\":\"http:\/\/youth4yes.com\/es\/\",\"name\":\"Youth4Yes\",\"description\":\"\",\"potentialAction\":[{\"@type\":\"SearchAction\",\"target\":{\"@type\":\"EntryPoint\",\"urlTemplate\":\"http:\/\/youth4yes.com\/es\/?s={search_term_string}\"},\"query-input\":{\"@type\":\"PropertyValueSpecification\",\"valueRequired\":true,\"valueName\":\"search_term_string\"}}],\"inLanguage\":\"es-ES\"}]}<\/script>\n<!-- \/ Yoast SEO plugin. -->","yoast_head_json":{"title":"Kit de herramientas para la defensa de los derechos humanos de las personas j\u00f3venes - Youth4Yes","description":"El kit de herramientas es para personas j\u00f3venes que desean obtener m\u00e1s informaci\u00f3n acerca de sus derechos y c\u00f3mo defenderlos.","robots":{"index":"index","follow":"follow","max-snippet":"max-snippet:-1","max-image-preview":"max-image-preview:large","max-video-preview":"max-video-preview:-1"},"canonical":"https:\/\/youth4yes.com\/es\/sobre-el-kit-de-herramientas\/kit-de-herramientas-para-la-defensa-de-los-derechos-humanos-de-las-personas-jovenes\/","og_locale":"es_ES","og_type":"article","og_title":"Kit de herramientas para la defensa de los derechos humanos de las personas j\u00f3venes - Youth4Yes","og_description":"El kit de herramientas es para personas j\u00f3venes que desean obtener m\u00e1s informaci\u00f3n acerca de sus derechos y c\u00f3mo defenderlos.","og_url":"https:\/\/youth4yes.com\/es\/sobre-el-kit-de-herramientas\/kit-de-herramientas-para-la-defensa-de-los-derechos-humanos-de-las-personas-jovenes\/","og_site_name":"Youth4Yes","article_modified_time":"2024-12-24T12:06:17+00:00","twitter_card":"summary_large_image","twitter_misc":{"Est. reading time":"1 minute"},"schema":{"@context":"https:\/\/schema.org","@graph":[{"@type":"WebPage","@id":"https:\/\/youth4yes.com\/es\/sobre-el-kit-de-herramientas\/kit-de-herramientas-para-la-defensa-de-los-derechos-humanos-de-las-personas-jovenes\/","url":"https:\/\/youth4yes.com\/es\/sobre-el-kit-de-herramientas\/kit-de-herramientas-para-la-defensa-de-los-derechos-humanos-de-las-personas-jovenes\/","name":"Kit de herramientas para la defensa de los derechos humanos de las personas j\u00f3venes - Youth4Yes","isPartOf":{"@id":"http:\/\/youth4yes.com\/es\/#website"},"datePublished":"2023-06-27T14:45:05+00:00","dateModified":"2024-12-24T12:06:17+00:00","description":"El kit de herramientas es para personas j\u00f3venes que desean obtener m\u00e1s informaci\u00f3n acerca de sus derechos y c\u00f3mo defenderlos.","breadcrumb":{"@id":"https:\/\/youth4yes.com\/es\/sobre-el-kit-de-herramientas\/kit-de-herramientas-para-la-defensa-de-los-derechos-humanos-de-las-personas-jovenes\/#breadcrumb"},"inLanguage":"es-ES","potentialAction":[{"@type":"ReadAction","target":["https:\/\/youth4yes.com\/es\/sobre-el-kit-de-herramientas\/kit-de-herramientas-para-la-defensa-de-los-derechos-humanos-de-las-personas-jovenes\/"]}]},{"@type":"BreadcrumbList","@id":"https:\/\/youth4yes.com\/es\/sobre-el-kit-de-herramientas\/kit-de-herramientas-para-la-defensa-de-los-derechos-humanos-de-las-personas-jovenes\/#breadcrumb","itemListElement":[{"@type":"ListItem","position":1,"name":"Home","item":"https:\/\/youth4yes.com\/es\/"},{"@type":"ListItem","position":2,"name":"Sobre el kit de herramientas","item":"https:\/\/youth4yes.com\/es\/sobre-el-kit-de-herramientas\/"},{"@type":"ListItem","position":3,"name":"Kit de herramientas para la defensa de los derechos humanos de las personas j\u00f3venes"}]},{"@type":"WebSite","@id":"http:\/\/youth4yes.com\/es\/#website","url":"http:\/\/youth4yes.com\/es\/","name":"Youth4Yes","description":"","potentialAction":[{"@type":"SearchAction","target":{"@type":"EntryPoint","urlTemplate":"http:\/\/youth4yes.com\/es\/?s={search_term_string}"},"query-input":{"@type":"PropertyValueSpecification","valueRequired":true,"valueName":"search_term_string"}}],"inLanguage":"es-ES"}]}},"_links":{"self":[{"href":"https:\/\/youth4yes.com\/es\/wp-json\/wp\/v2\/pages\/1138","targetHints":{"allow":["GET"]}}],"collection":[{"href":"https:\/\/youth4yes.com\/es\/wp-json\/wp\/v2\/pages"}],"about":[{"href":"https:\/\/youth4yes.com\/es\/wp-json\/wp\/v2\/types\/page"}],"author":[{"embeddable":true,"href":"https:\/\/youth4yes.com\/es\/wp-json\/wp\/v2\/users\/1"}],"replies":[{"embeddable":true,"href":"https:\/\/youth4yes.com\/es\/wp-json\/wp\/v2\/comments?post=1138"}],"version-history":[{"count":0,"href":"https:\/\/youth4yes.com\/es\/wp-json\/wp\/v2\/pages\/1138\/revisions"}],"up":[{"embeddable":true,"href":"https:\/\/youth4yes.com\/es\/wp-json\/wp\/v2\/pages\/1136"}],"wp:attachment":[{"href":"https:\/\/youth4yes.com\/es\/wp-json\/wp\/v2\/media?parent=1138"}],"curies":[{"name":"wp","href":"https:\/\/api.w.org\/{rel}","templated":true}]}}