{"id":1299,"date":"2023-06-27T14:50:04","date_gmt":"2023-06-27T14:50:04","guid":{"rendered":"https:\/\/youth4yes.com\/lessentiel-des-droits-humains-des-jeunes\/quels-droits-les-jeunes-ont-ils\/les-droits-a-lhonneur-droit-a-un-travail-decent\/"},"modified":"2024-12-19T16:20:40","modified_gmt":"2024-12-19T16:20:40","slug":"les-droits-a-lhonneur-droit-a-un-travail-decent","status":"publish","type":"page","link":"http:\/\/youth4yes.com\/fr\/lessentiel-des-droits-humains-des-jeunes\/quels-droits-les-jeunes-ont-ils\/les-droits-a-lhonneur-droit-a-un-travail-decent\/","title":{"rendered":"Les droits \u00e0 l&#8217;honneur : Droit \u00e0 un travail d\u00e9cent"},"content":{"rendered":"","protected":false},"excerpt":{"rendered":"","protected":false},"author":1,"featured_media":0,"parent":1292,"menu_order":0,"comment_status":"closed","ping_status":"closed","template":"template-pagebuilder.php","meta":{"_acf_changed":false,"footnotes":""},"class_list":["post-1299","page","type-page","status-publish","hentry"],"acf":[],"yoast_head":"<!-- This site is optimized with the Yoast SEO plugin v25.6 - https:\/\/yoast.com\/wordpress\/plugins\/seo\/ -->\n<title>Les droits \u00e0 l&#039;honneur : Droit \u00e0 un travail d\u00e9cent - Youth4Yes<\/title>\n<meta name=\"description\" content=\"Les droits \u00e0 l&#039;honneur\" \/>\n<meta name=\"robots\" content=\"index, follow, max-snippet:-1, max-image-preview:large, max-video-preview:-1\" \/>\n<link rel=\"canonical\" href=\"http:\/\/youth4yes.com\/fr\/lessentiel-des-droits-humains-des-jeunes\/quels-droits-les-jeunes-ont-ils\/les-droits-a-lhonneur-droit-a-un-travail-decent\/\" \/>\n<meta property=\"og:locale\" content=\"fr_FR\" \/>\n<meta property=\"og:type\" content=\"article\" \/>\n<meta property=\"og:title\" content=\"Les droits \u00e0 l&#039;honneur : Droit \u00e0 un travail d\u00e9cent - Youth4Yes\" \/>\n<meta property=\"og:description\" content=\"Les droits \u00e0 l&#039;honneur\" \/>\n<meta property=\"og:url\" content=\"http:\/\/youth4yes.com\/fr\/lessentiel-des-droits-humains-des-jeunes\/quels-droits-les-jeunes-ont-ils\/les-droits-a-lhonneur-droit-a-un-travail-decent\/\" \/>\n<meta property=\"og:site_name\" content=\"Youth4Yes\" \/>\n<meta property=\"article:modified_time\" content=\"2024-12-19T16:20:40+00:00\" \/>\n<meta name=\"twitter:card\" content=\"summary_large_image\" \/>\n<meta name=\"twitter:label1\" content=\"Est. reading time\" \/>\n\t<meta name=\"twitter:data1\" content=\"3 minutes\" \/>\n<script type=\"application\/ld+json\" class=\"yoast-schema-graph\">{\"@context\":\"https:\/\/schema.org\",\"@graph\":[{\"@type\":\"WebPage\",\"@id\":\"http:\/\/youth4yes.com\/fr\/lessentiel-des-droits-humains-des-jeunes\/quels-droits-les-jeunes-ont-ils\/les-droits-a-lhonneur-droit-a-un-travail-decent\/\",\"url\":\"http:\/\/youth4yes.com\/fr\/lessentiel-des-droits-humains-des-jeunes\/quels-droits-les-jeunes-ont-ils\/les-droits-a-lhonneur-droit-a-un-travail-decent\/\",\"name\":\"Les droits \u00e0 l'honneur : Droit \u00e0 un travail d\u00e9cent - Youth4Yes\",\"isPartOf\":{\"@id\":\"http:\/\/youth4yes.com\/fr\/#website\"},\"datePublished\":\"2023-06-27T14:50:04+00:00\",\"dateModified\":\"2024-12-19T16:20:40+00:00\",\"description\":\"Les droits \u00e0 l'honneur\",\"breadcrumb\":{\"@id\":\"http:\/\/youth4yes.com\/fr\/lessentiel-des-droits-humains-des-jeunes\/quels-droits-les-jeunes-ont-ils\/les-droits-a-lhonneur-droit-a-un-travail-decent\/#breadcrumb\"},\"inLanguage\":\"fr-FR\",\"potentialAction\":[{\"@type\":\"ReadAction\",\"target\":[\"http:\/\/youth4yes.com\/fr\/lessentiel-des-droits-humains-des-jeunes\/quels-droits-les-jeunes-ont-ils\/les-droits-a-lhonneur-droit-a-un-travail-decent\/\"]}]},{\"@type\":\"BreadcrumbList\",\"@id\":\"http:\/\/youth4yes.com\/fr\/lessentiel-des-droits-humains-des-jeunes\/quels-droits-les-jeunes-ont-ils\/les-droits-a-lhonneur-droit-a-un-travail-decent\/#breadcrumb\",\"itemListElement\":[{\"@type\":\"ListItem\",\"position\":1,\"name\":\"Home\",\"item\":\"https:\/\/youth4yes.com\/fr\/\"},{\"@type\":\"ListItem\",\"position\":2,\"name\":\"L&#8217;essentiel des droits humains des jeunes\",\"item\":\"https:\/\/youth4yes.com\/fr\/lessentiel-des-droits-humains-des-jeunes\/\"},{\"@type\":\"ListItem\",\"position\":3,\"name\":\"Quels droits les jeunes ont-ils ?\",\"item\":\"https:\/\/youth4yes.com\/fr\/lessentiel-des-droits-humains-des-jeunes\/quels-droits-les-jeunes-ont-ils\/\"},{\"@type\":\"ListItem\",\"position\":4,\"name\":\"Les droits \u00e0 l&#8217;honneur : Droit \u00e0 un travail d\u00e9cent\"}]},{\"@type\":\"WebSite\",\"@id\":\"http:\/\/youth4yes.com\/fr\/#website\",\"url\":\"http:\/\/youth4yes.com\/fr\/\",\"name\":\"Youth4Yes\",\"description\":\"\",\"potentialAction\":[{\"@type\":\"SearchAction\",\"target\":{\"@type\":\"EntryPoint\",\"urlTemplate\":\"http:\/\/youth4yes.com\/fr\/?s={search_term_string}\"},\"query-input\":{\"@type\":\"PropertyValueSpecification\",\"valueRequired\":true,\"valueName\":\"search_term_string\"}}],\"inLanguage\":\"fr-FR\"}]}<\/script>\n<!-- \/ Yoast SEO plugin. -->","yoast_head_json":{"title":"Les droits \u00e0 l'honneur : Droit \u00e0 un travail d\u00e9cent - Youth4Yes","description":"Les droits \u00e0 l'honneur","robots":{"index":"index","follow":"follow","max-snippet":"max-snippet:-1","max-image-preview":"max-image-preview:large","max-video-preview":"max-video-preview:-1"},"canonical":"http:\/\/youth4yes.com\/fr\/lessentiel-des-droits-humains-des-jeunes\/quels-droits-les-jeunes-ont-ils\/les-droits-a-lhonneur-droit-a-un-travail-decent\/","og_locale":"fr_FR","og_type":"article","og_title":"Les droits \u00e0 l'honneur : Droit \u00e0 un travail d\u00e9cent - Youth4Yes","og_description":"Les droits \u00e0 l'honneur","og_url":"http:\/\/youth4yes.com\/fr\/lessentiel-des-droits-humains-des-jeunes\/quels-droits-les-jeunes-ont-ils\/les-droits-a-lhonneur-droit-a-un-travail-decent\/","og_site_name":"Youth4Yes","article_modified_time":"2024-12-19T16:20:40+00:00","twitter_card":"summary_large_image","twitter_misc":{"Est. reading time":"3 minutes"},"schema":{"@context":"https:\/\/schema.org","@graph":[{"@type":"WebPage","@id":"http:\/\/youth4yes.com\/fr\/lessentiel-des-droits-humains-des-jeunes\/quels-droits-les-jeunes-ont-ils\/les-droits-a-lhonneur-droit-a-un-travail-decent\/","url":"http:\/\/youth4yes.com\/fr\/lessentiel-des-droits-humains-des-jeunes\/quels-droits-les-jeunes-ont-ils\/les-droits-a-lhonneur-droit-a-un-travail-decent\/","name":"Les droits \u00e0 l'honneur : Droit \u00e0 un travail d\u00e9cent - Youth4Yes","isPartOf":{"@id":"http:\/\/youth4yes.com\/fr\/#website"},"datePublished":"2023-06-27T14:50:04+00:00","dateModified":"2024-12-19T16:20:40+00:00","description":"Les droits \u00e0 l'honneur","breadcrumb":{"@id":"http:\/\/youth4yes.com\/fr\/lessentiel-des-droits-humains-des-jeunes\/quels-droits-les-jeunes-ont-ils\/les-droits-a-lhonneur-droit-a-un-travail-decent\/#breadcrumb"},"inLanguage":"fr-FR","potentialAction":[{"@type":"ReadAction","target":["http:\/\/youth4yes.com\/fr\/lessentiel-des-droits-humains-des-jeunes\/quels-droits-les-jeunes-ont-ils\/les-droits-a-lhonneur-droit-a-un-travail-decent\/"]}]},{"@type":"BreadcrumbList","@id":"http:\/\/youth4yes.com\/fr\/lessentiel-des-droits-humains-des-jeunes\/quels-droits-les-jeunes-ont-ils\/les-droits-a-lhonneur-droit-a-un-travail-decent\/#breadcrumb","itemListElement":[{"@type":"ListItem","position":1,"name":"Home","item":"https:\/\/youth4yes.com\/fr\/"},{"@type":"ListItem","position":2,"name":"L&#8217;essentiel des droits humains des jeunes","item":"https:\/\/youth4yes.com\/fr\/lessentiel-des-droits-humains-des-jeunes\/"},{"@type":"ListItem","position":3,"name":"Quels droits les jeunes ont-ils ?","item":"https:\/\/youth4yes.com\/fr\/lessentiel-des-droits-humains-des-jeunes\/quels-droits-les-jeunes-ont-ils\/"},{"@type":"ListItem","position":4,"name":"Les droits \u00e0 l&#8217;honneur : Droit \u00e0 un travail d\u00e9cent"}]},{"@type":"WebSite","@id":"http:\/\/youth4yes.com\/fr\/#website","url":"http:\/\/youth4yes.com\/fr\/","name":"Youth4Yes","description":"","potentialAction":[{"@type":"SearchAction","target":{"@type":"EntryPoint","urlTemplate":"http:\/\/youth4yes.com\/fr\/?s={search_term_string}"},"query-input":{"@type":"PropertyValueSpecification","valueRequired":true,"valueName":"search_term_string"}}],"inLanguage":"fr-FR"}]}},"_links":{"self":[{"href":"http:\/\/youth4yes.com\/fr\/wp-json\/wp\/v2\/pages\/1299","targetHints":{"allow":["GET"]}}],"collection":[{"href":"http:\/\/youth4yes.com\/fr\/wp-json\/wp\/v2\/pages"}],"about":[{"href":"http:\/\/youth4yes.com\/fr\/wp-json\/wp\/v2\/types\/page"}],"author":[{"embeddable":true,"href":"http:\/\/youth4yes.com\/fr\/wp-json\/wp\/v2\/users\/1"}],"replies":[{"embeddable":true,"href":"http:\/\/youth4yes.com\/fr\/wp-json\/wp\/v2\/comments?post=1299"}],"version-history":[{"count":0,"href":"http:\/\/youth4yes.com\/fr\/wp-json\/wp\/v2\/pages\/1299\/revisions"}],"up":[{"embeddable":true,"href":"http:\/\/youth4yes.com\/fr\/wp-json\/wp\/v2\/pages\/1292"}],"wp:attachment":[{"href":"http:\/\/youth4yes.com\/fr\/wp-json\/wp\/v2\/media?parent=1299"}],"curies":[{"name":"wp","href":"https:\/\/api.w.org\/{rel}","templated":true}]}}