{"id":1260,"date":"2023-06-27T15:00:01","date_gmt":"2023-06-27T15:00:01","guid":{"rendered":"https:\/\/youth4yes.com\/defendre\/defendre-vos-droits\/etape-7-evaluer\/"},"modified":"2024-12-23T15:04:17","modified_gmt":"2024-12-23T15:04:17","slug":"etape-7-evaluer","status":"publish","type":"page","link":"http:\/\/youth4yes.com\/fr\/defendre\/defendre-vos-droits\/etape-7-evaluer\/","title":{"rendered":"\u00c9tape 7 &#8211; \u00c9valuer"},"content":{"rendered":"","protected":false},"excerpt":{"rendered":"","protected":false},"author":1,"featured_media":0,"parent":1253,"menu_order":0,"comment_status":"closed","ping_status":"closed","template":"template-pagebuilder.php","meta":{"_acf_changed":false,"footnotes":""},"class_list":["post-1260","page","type-page","status-publish","hentry"],"acf":[],"yoast_head":"<!-- This site is optimized with the Yoast SEO plugin v25.6 - https:\/\/yoast.com\/wordpress\/plugins\/seo\/ -->\n<title>\u00c9tape 7 - \u00c9valuer - Youth4Yes<\/title>\n<meta name=\"description\" content=\"Une fois que vous avez termin\u00e9 l&#039;initiative et\/ou les activit\u00e9s que vous aviez planifi\u00e9es, faites un retour en arri\u00e8re afin d&#039;\u00e9valuer ce qui a bien fonctionn\u00e9 et ce qui pourrait \u00eatre am\u00e9lior\u00e9 la prochaine fois, ou \u00e0 mesure que vous avancez.\" \/>\n<meta name=\"robots\" content=\"index, follow, max-snippet:-1, max-image-preview:large, max-video-preview:-1\" \/>\n<link rel=\"canonical\" href=\"http:\/\/youth4yes.com\/fr\/defendre\/defendre-vos-droits\/etape-7-evaluer\/\" \/>\n<meta property=\"og:locale\" content=\"fr_FR\" \/>\n<meta property=\"og:type\" content=\"article\" \/>\n<meta property=\"og:title\" content=\"\u00c9tape 7 - \u00c9valuer - Youth4Yes\" \/>\n<meta property=\"og:description\" content=\"Une fois que vous avez termin\u00e9 l&#039;initiative et\/ou les activit\u00e9s que vous aviez planifi\u00e9es, faites un retour en arri\u00e8re afin d&#039;\u00e9valuer ce qui a bien fonctionn\u00e9 et ce qui pourrait \u00eatre am\u00e9lior\u00e9 la prochaine fois, ou \u00e0 mesure que vous avancez.\" \/>\n<meta property=\"og:url\" content=\"http:\/\/youth4yes.com\/fr\/defendre\/defendre-vos-droits\/etape-7-evaluer\/\" \/>\n<meta property=\"og:site_name\" content=\"Youth4Yes\" \/>\n<meta property=\"article:modified_time\" content=\"2024-12-23T15:04:17+00:00\" \/>\n<meta name=\"twitter:card\" content=\"summary_large_image\" \/>\n<meta name=\"twitter:label1\" content=\"Est. reading time\" \/>\n\t<meta name=\"twitter:data1\" content=\"1 minute\" \/>\n<script type=\"application\/ld+json\" class=\"yoast-schema-graph\">{\"@context\":\"https:\/\/schema.org\",\"@graph\":[{\"@type\":\"WebPage\",\"@id\":\"http:\/\/youth4yes.com\/fr\/defendre\/defendre-vos-droits\/etape-7-evaluer\/\",\"url\":\"http:\/\/youth4yes.com\/fr\/defendre\/defendre-vos-droits\/etape-7-evaluer\/\",\"name\":\"\u00c9tape 7 - \u00c9valuer - Youth4Yes\",\"isPartOf\":{\"@id\":\"http:\/\/youth4yes.com\/fr\/#website\"},\"datePublished\":\"2023-06-27T15:00:01+00:00\",\"dateModified\":\"2024-12-23T15:04:17+00:00\",\"description\":\"Une fois que vous avez termin\u00e9 l'initiative et\/ou les activit\u00e9s que vous aviez planifi\u00e9es, faites un retour en arri\u00e8re afin d'\u00e9valuer ce qui a bien fonctionn\u00e9 et ce qui pourrait \u00eatre am\u00e9lior\u00e9 la prochaine fois, ou \u00e0 mesure que vous avancez.\",\"breadcrumb\":{\"@id\":\"http:\/\/youth4yes.com\/fr\/defendre\/defendre-vos-droits\/etape-7-evaluer\/#breadcrumb\"},\"inLanguage\":\"fr-FR\",\"potentialAction\":[{\"@type\":\"ReadAction\",\"target\":[\"http:\/\/youth4yes.com\/fr\/defendre\/defendre-vos-droits\/etape-7-evaluer\/\"]}]},{\"@type\":\"BreadcrumbList\",\"@id\":\"http:\/\/youth4yes.com\/fr\/defendre\/defendre-vos-droits\/etape-7-evaluer\/#breadcrumb\",\"itemListElement\":[{\"@type\":\"ListItem\",\"position\":1,\"name\":\"Home\",\"item\":\"http:\/\/youth4yes.com\/fr\/\"},{\"@type\":\"ListItem\",\"position\":2,\"name\":\"D\u00e9fendre\",\"item\":\"http:\/\/youth4yes.com\/fr\/defendre\/\"},{\"@type\":\"ListItem\",\"position\":3,\"name\":\"D\u00e9fendre vos droits\",\"item\":\"http:\/\/youth4yes.com\/fr\/defendre\/defendre-vos-droits\/\"},{\"@type\":\"ListItem\",\"position\":4,\"name\":\"\u00c9tape 7 &#8211; \u00c9valuer\"}]},{\"@type\":\"WebSite\",\"@id\":\"http:\/\/youth4yes.com\/fr\/#website\",\"url\":\"http:\/\/youth4yes.com\/fr\/\",\"name\":\"Youth4Yes\",\"description\":\"\",\"potentialAction\":[{\"@type\":\"SearchAction\",\"target\":{\"@type\":\"EntryPoint\",\"urlTemplate\":\"http:\/\/youth4yes.com\/fr\/?s={search_term_string}\"},\"query-input\":{\"@type\":\"PropertyValueSpecification\",\"valueRequired\":true,\"valueName\":\"search_term_string\"}}],\"inLanguage\":\"fr-FR\"}]}<\/script>\n<!-- \/ Yoast SEO plugin. -->","yoast_head_json":{"title":"\u00c9tape 7 - \u00c9valuer - Youth4Yes","description":"Une fois que vous avez termin\u00e9 l'initiative et\/ou les activit\u00e9s que vous aviez planifi\u00e9es, faites un retour en arri\u00e8re afin d'\u00e9valuer ce qui a bien fonctionn\u00e9 et ce qui pourrait \u00eatre am\u00e9lior\u00e9 la prochaine fois, ou \u00e0 mesure que vous avancez.","robots":{"index":"index","follow":"follow","max-snippet":"max-snippet:-1","max-image-preview":"max-image-preview:large","max-video-preview":"max-video-preview:-1"},"canonical":"http:\/\/youth4yes.com\/fr\/defendre\/defendre-vos-droits\/etape-7-evaluer\/","og_locale":"fr_FR","og_type":"article","og_title":"\u00c9tape 7 - \u00c9valuer - Youth4Yes","og_description":"Une fois que vous avez termin\u00e9 l'initiative et\/ou les activit\u00e9s que vous aviez planifi\u00e9es, faites un retour en arri\u00e8re afin d'\u00e9valuer ce qui a bien fonctionn\u00e9 et ce qui pourrait \u00eatre am\u00e9lior\u00e9 la prochaine fois, ou \u00e0 mesure que vous avancez.","og_url":"http:\/\/youth4yes.com\/fr\/defendre\/defendre-vos-droits\/etape-7-evaluer\/","og_site_name":"Youth4Yes","article_modified_time":"2024-12-23T15:04:17+00:00","twitter_card":"summary_large_image","twitter_misc":{"Est. reading time":"1 minute"},"schema":{"@context":"https:\/\/schema.org","@graph":[{"@type":"WebPage","@id":"http:\/\/youth4yes.com\/fr\/defendre\/defendre-vos-droits\/etape-7-evaluer\/","url":"http:\/\/youth4yes.com\/fr\/defendre\/defendre-vos-droits\/etape-7-evaluer\/","name":"\u00c9tape 7 - \u00c9valuer - Youth4Yes","isPartOf":{"@id":"http:\/\/youth4yes.com\/fr\/#website"},"datePublished":"2023-06-27T15:00:01+00:00","dateModified":"2024-12-23T15:04:17+00:00","description":"Une fois que vous avez termin\u00e9 l'initiative et\/ou les activit\u00e9s que vous aviez planifi\u00e9es, faites un retour en arri\u00e8re afin d'\u00e9valuer ce qui a bien fonctionn\u00e9 et ce qui pourrait \u00eatre am\u00e9lior\u00e9 la prochaine fois, ou \u00e0 mesure que vous avancez.","breadcrumb":{"@id":"http:\/\/youth4yes.com\/fr\/defendre\/defendre-vos-droits\/etape-7-evaluer\/#breadcrumb"},"inLanguage":"fr-FR","potentialAction":[{"@type":"ReadAction","target":["http:\/\/youth4yes.com\/fr\/defendre\/defendre-vos-droits\/etape-7-evaluer\/"]}]},{"@type":"BreadcrumbList","@id":"http:\/\/youth4yes.com\/fr\/defendre\/defendre-vos-droits\/etape-7-evaluer\/#breadcrumb","itemListElement":[{"@type":"ListItem","position":1,"name":"Home","item":"http:\/\/youth4yes.com\/fr\/"},{"@type":"ListItem","position":2,"name":"D\u00e9fendre","item":"http:\/\/youth4yes.com\/fr\/defendre\/"},{"@type":"ListItem","position":3,"name":"D\u00e9fendre vos droits","item":"http:\/\/youth4yes.com\/fr\/defendre\/defendre-vos-droits\/"},{"@type":"ListItem","position":4,"name":"\u00c9tape 7 &#8211; \u00c9valuer"}]},{"@type":"WebSite","@id":"http:\/\/youth4yes.com\/fr\/#website","url":"http:\/\/youth4yes.com\/fr\/","name":"Youth4Yes","description":"","potentialAction":[{"@type":"SearchAction","target":{"@type":"EntryPoint","urlTemplate":"http:\/\/youth4yes.com\/fr\/?s={search_term_string}"},"query-input":{"@type":"PropertyValueSpecification","valueRequired":true,"valueName":"search_term_string"}}],"inLanguage":"fr-FR"}]}},"_links":{"self":[{"href":"http:\/\/youth4yes.com\/fr\/wp-json\/wp\/v2\/pages\/1260","targetHints":{"allow":["GET"]}}],"collection":[{"href":"http:\/\/youth4yes.com\/fr\/wp-json\/wp\/v2\/pages"}],"about":[{"href":"http:\/\/youth4yes.com\/fr\/wp-json\/wp\/v2\/types\/page"}],"author":[{"embeddable":true,"href":"http:\/\/youth4yes.com\/fr\/wp-json\/wp\/v2\/users\/1"}],"replies":[{"embeddable":true,"href":"http:\/\/youth4yes.com\/fr\/wp-json\/wp\/v2\/comments?post=1260"}],"version-history":[{"count":0,"href":"http:\/\/youth4yes.com\/fr\/wp-json\/wp\/v2\/pages\/1260\/revisions"}],"up":[{"embeddable":true,"href":"http:\/\/youth4yes.com\/fr\/wp-json\/wp\/v2\/pages\/1253"}],"wp:attachment":[{"href":"http:\/\/youth4yes.com\/fr\/wp-json\/wp\/v2\/media?parent=1260"}],"curies":[{"name":"wp","href":"https:\/\/api.w.org\/{rel}","templated":true}]}}