{"id":1257,"date":"2023-06-27T14:59:07","date_gmt":"2023-06-27T14:59:07","guid":{"rendered":"https:\/\/youth4yes.com\/defendre\/defendre-vos-droits\/etape-4-elaborer-une-strategie\/"},"modified":"2024-12-23T14:58:24","modified_gmt":"2024-12-23T14:58:24","slug":"etape-4-elaborer-une-strategie","status":"publish","type":"page","link":"http:\/\/youth4yes.com\/fr\/defendre\/defendre-vos-droits\/etape-4-elaborer-une-strategie\/","title":{"rendered":"\u00c9tape 4 &#8211; \u00c9laborer une strat\u00e9gie"},"content":{"rendered":"","protected":false},"excerpt":{"rendered":"","protected":false},"author":1,"featured_media":0,"parent":1253,"menu_order":0,"comment_status":"closed","ping_status":"closed","template":"template-pagebuilder.php","meta":{"_acf_changed":false,"footnotes":""},"class_list":["post-1257","page","type-page","status-publish","hentry"],"acf":[],"yoast_head":"<!-- This site is optimized with the Yoast SEO plugin v25.6 - https:\/\/yoast.com\/wordpress\/plugins\/seo\/ -->\n<title>\u00c9tape 4 - \u00c9laborer une strat\u00e9gie - Youth4Yes<\/title>\n<meta name=\"description\" content=\"Les partenariats et les coalitions peuvent \u00eatre un bon moyen d&#039;obtenir un soutien pour votre cause.\" \/>\n<meta name=\"robots\" content=\"index, follow, max-snippet:-1, max-image-preview:large, max-video-preview:-1\" \/>\n<link rel=\"canonical\" href=\"http:\/\/youth4yes.com\/fr\/defendre\/defendre-vos-droits\/etape-4-elaborer-une-strategie\/\" \/>\n<meta property=\"og:locale\" content=\"fr_FR\" \/>\n<meta property=\"og:type\" content=\"article\" \/>\n<meta property=\"og:title\" content=\"\u00c9tape 4 - \u00c9laborer une strat\u00e9gie - Youth4Yes\" \/>\n<meta property=\"og:description\" content=\"Les partenariats et les coalitions peuvent \u00eatre un bon moyen d&#039;obtenir un soutien pour votre cause.\" \/>\n<meta property=\"og:url\" content=\"http:\/\/youth4yes.com\/fr\/defendre\/defendre-vos-droits\/etape-4-elaborer-une-strategie\/\" \/>\n<meta property=\"og:site_name\" content=\"Youth4Yes\" \/>\n<meta property=\"article:modified_time\" content=\"2024-12-23T14:58:24+00:00\" \/>\n<meta name=\"twitter:card\" content=\"summary_large_image\" \/>\n<meta name=\"twitter:label1\" content=\"Est. reading time\" \/>\n\t<meta name=\"twitter:data1\" content=\"3 minutes\" \/>\n<script type=\"application\/ld+json\" class=\"yoast-schema-graph\">{\"@context\":\"https:\/\/schema.org\",\"@graph\":[{\"@type\":\"WebPage\",\"@id\":\"http:\/\/youth4yes.com\/fr\/defendre\/defendre-vos-droits\/etape-4-elaborer-une-strategie\/\",\"url\":\"http:\/\/youth4yes.com\/fr\/defendre\/defendre-vos-droits\/etape-4-elaborer-une-strategie\/\",\"name\":\"\u00c9tape 4 - \u00c9laborer une strat\u00e9gie - Youth4Yes\",\"isPartOf\":{\"@id\":\"http:\/\/youth4yes.com\/fr\/#website\"},\"datePublished\":\"2023-06-27T14:59:07+00:00\",\"dateModified\":\"2024-12-23T14:58:24+00:00\",\"description\":\"Les partenariats et les coalitions peuvent \u00eatre un bon moyen d'obtenir un soutien pour votre cause.\",\"breadcrumb\":{\"@id\":\"http:\/\/youth4yes.com\/fr\/defendre\/defendre-vos-droits\/etape-4-elaborer-une-strategie\/#breadcrumb\"},\"inLanguage\":\"fr-FR\",\"potentialAction\":[{\"@type\":\"ReadAction\",\"target\":[\"http:\/\/youth4yes.com\/fr\/defendre\/defendre-vos-droits\/etape-4-elaborer-une-strategie\/\"]}]},{\"@type\":\"BreadcrumbList\",\"@id\":\"http:\/\/youth4yes.com\/fr\/defendre\/defendre-vos-droits\/etape-4-elaborer-une-strategie\/#breadcrumb\",\"itemListElement\":[{\"@type\":\"ListItem\",\"position\":1,\"name\":\"Home\",\"item\":\"https:\/\/youth4yes.com\/fr\/\"},{\"@type\":\"ListItem\",\"position\":2,\"name\":\"D\u00e9fendre\",\"item\":\"http:\/\/youth4yes.com\/fr\/defendre\/\"},{\"@type\":\"ListItem\",\"position\":3,\"name\":\"D\u00e9fendre vos droits\",\"item\":\"http:\/\/youth4yes.com\/fr\/defendre\/defendre-vos-droits\/\"},{\"@type\":\"ListItem\",\"position\":4,\"name\":\"\u00c9tape 4 &#8211; \u00c9laborer une strat\u00e9gie\"}]},{\"@type\":\"WebSite\",\"@id\":\"http:\/\/youth4yes.com\/fr\/#website\",\"url\":\"http:\/\/youth4yes.com\/fr\/\",\"name\":\"Youth4Yes\",\"description\":\"\",\"potentialAction\":[{\"@type\":\"SearchAction\",\"target\":{\"@type\":\"EntryPoint\",\"urlTemplate\":\"http:\/\/youth4yes.com\/fr\/?s={search_term_string}\"},\"query-input\":{\"@type\":\"PropertyValueSpecification\",\"valueRequired\":true,\"valueName\":\"search_term_string\"}}],\"inLanguage\":\"fr-FR\"}]}<\/script>\n<!-- \/ Yoast SEO plugin. -->","yoast_head_json":{"title":"\u00c9tape 4 - \u00c9laborer une strat\u00e9gie - Youth4Yes","description":"Les partenariats et les coalitions peuvent \u00eatre un bon moyen d'obtenir un soutien pour votre cause.","robots":{"index":"index","follow":"follow","max-snippet":"max-snippet:-1","max-image-preview":"max-image-preview:large","max-video-preview":"max-video-preview:-1"},"canonical":"http:\/\/youth4yes.com\/fr\/defendre\/defendre-vos-droits\/etape-4-elaborer-une-strategie\/","og_locale":"fr_FR","og_type":"article","og_title":"\u00c9tape 4 - \u00c9laborer une strat\u00e9gie - Youth4Yes","og_description":"Les partenariats et les coalitions peuvent \u00eatre un bon moyen d'obtenir un soutien pour votre cause.","og_url":"http:\/\/youth4yes.com\/fr\/defendre\/defendre-vos-droits\/etape-4-elaborer-une-strategie\/","og_site_name":"Youth4Yes","article_modified_time":"2024-12-23T14:58:24+00:00","twitter_card":"summary_large_image","twitter_misc":{"Est. reading time":"3 minutes"},"schema":{"@context":"https:\/\/schema.org","@graph":[{"@type":"WebPage","@id":"http:\/\/youth4yes.com\/fr\/defendre\/defendre-vos-droits\/etape-4-elaborer-une-strategie\/","url":"http:\/\/youth4yes.com\/fr\/defendre\/defendre-vos-droits\/etape-4-elaborer-une-strategie\/","name":"\u00c9tape 4 - \u00c9laborer une strat\u00e9gie - Youth4Yes","isPartOf":{"@id":"http:\/\/youth4yes.com\/fr\/#website"},"datePublished":"2023-06-27T14:59:07+00:00","dateModified":"2024-12-23T14:58:24+00:00","description":"Les partenariats et les coalitions peuvent \u00eatre un bon moyen d'obtenir un soutien pour votre cause.","breadcrumb":{"@id":"http:\/\/youth4yes.com\/fr\/defendre\/defendre-vos-droits\/etape-4-elaborer-une-strategie\/#breadcrumb"},"inLanguage":"fr-FR","potentialAction":[{"@type":"ReadAction","target":["http:\/\/youth4yes.com\/fr\/defendre\/defendre-vos-droits\/etape-4-elaborer-une-strategie\/"]}]},{"@type":"BreadcrumbList","@id":"http:\/\/youth4yes.com\/fr\/defendre\/defendre-vos-droits\/etape-4-elaborer-une-strategie\/#breadcrumb","itemListElement":[{"@type":"ListItem","position":1,"name":"Home","item":"https:\/\/youth4yes.com\/fr\/"},{"@type":"ListItem","position":2,"name":"D\u00e9fendre","item":"http:\/\/youth4yes.com\/fr\/defendre\/"},{"@type":"ListItem","position":3,"name":"D\u00e9fendre vos droits","item":"http:\/\/youth4yes.com\/fr\/defendre\/defendre-vos-droits\/"},{"@type":"ListItem","position":4,"name":"\u00c9tape 4 &#8211; \u00c9laborer une strat\u00e9gie"}]},{"@type":"WebSite","@id":"http:\/\/youth4yes.com\/fr\/#website","url":"http:\/\/youth4yes.com\/fr\/","name":"Youth4Yes","description":"","potentialAction":[{"@type":"SearchAction","target":{"@type":"EntryPoint","urlTemplate":"http:\/\/youth4yes.com\/fr\/?s={search_term_string}"},"query-input":{"@type":"PropertyValueSpecification","valueRequired":true,"valueName":"search_term_string"}}],"inLanguage":"fr-FR"}]}},"_links":{"self":[{"href":"http:\/\/youth4yes.com\/fr\/wp-json\/wp\/v2\/pages\/1257","targetHints":{"allow":["GET"]}}],"collection":[{"href":"http:\/\/youth4yes.com\/fr\/wp-json\/wp\/v2\/pages"}],"about":[{"href":"http:\/\/youth4yes.com\/fr\/wp-json\/wp\/v2\/types\/page"}],"author":[{"embeddable":true,"href":"http:\/\/youth4yes.com\/fr\/wp-json\/wp\/v2\/users\/1"}],"replies":[{"embeddable":true,"href":"http:\/\/youth4yes.com\/fr\/wp-json\/wp\/v2\/comments?post=1257"}],"version-history":[{"count":0,"href":"http:\/\/youth4yes.com\/fr\/wp-json\/wp\/v2\/pages\/1257\/revisions"}],"up":[{"embeddable":true,"href":"http:\/\/youth4yes.com\/fr\/wp-json\/wp\/v2\/pages\/1253"}],"wp:attachment":[{"href":"http:\/\/youth4yes.com\/fr\/wp-json\/wp\/v2\/media?parent=1257"}],"curies":[{"name":"wp","href":"https:\/\/api.w.org\/{rel}","templated":true}]}}