{"id":1232,"date":"2023-06-27T15:02:19","date_gmt":"2023-06-27T15:02:19","guid":{"rendered":"https:\/\/youth4yes.com\/tirer-parti-du-systeme\/"},"modified":"2025-01-02T13:59:33","modified_gmt":"2025-01-02T13:59:33","slug":"tirer-parti-du-systeme","status":"publish","type":"page","link":"http:\/\/youth4yes.com\/fr\/tirer-parti-du-systeme\/","title":{"rendered":"Tirer parti du syst\u00e8me"},"content":{"rendered":"","protected":false},"excerpt":{"rendered":"","protected":false},"author":1,"featured_media":0,"parent":0,"menu_order":0,"comment_status":"closed","ping_status":"closed","template":"template-landing.php","meta":{"_acf_changed":false,"footnotes":""},"class_list":["post-1232","page","type-page","status-publish","hentry"],"acf":[],"yoast_head":"<!-- This site is optimized with the Yoast SEO plugin v25.6 - https:\/\/yoast.com\/wordpress\/plugins\/seo\/ -->\n<title>Tirer parti du syst\u00e8me - Youth4Yes<\/title>\n<meta name=\"description\" content=\"Tirer parti des m\u00e9canismes et processus internationaux en mati\u00e8re de droits humains pour d\u00e9fendre les droits des jeunes.\" \/>\n<meta name=\"robots\" content=\"index, follow, max-snippet:-1, max-image-preview:large, max-video-preview:-1\" \/>\n<link rel=\"canonical\" href=\"http:\/\/youth4yes.com\/fr\/tirer-parti-du-systeme\/\" \/>\n<meta property=\"og:locale\" content=\"fr_FR\" \/>\n<meta property=\"og:type\" content=\"article\" \/>\n<meta property=\"og:title\" content=\"Tirer parti du syst\u00e8me - Youth4Yes\" \/>\n<meta property=\"og:description\" content=\"Tirer parti des m\u00e9canismes et processus internationaux en mati\u00e8re de droits humains pour d\u00e9fendre les droits des jeunes.\" \/>\n<meta property=\"og:url\" content=\"http:\/\/youth4yes.com\/fr\/tirer-parti-du-systeme\/\" \/>\n<meta property=\"og:site_name\" content=\"Youth4Yes\" \/>\n<meta property=\"article:modified_time\" content=\"2025-01-02T13:59:33+00:00\" \/>\n<meta name=\"twitter:card\" content=\"summary_large_image\" \/>\n<meta name=\"twitter:label1\" content=\"Est. reading time\" \/>\n\t<meta name=\"twitter:data1\" content=\"1 minute\" \/>\n<script type=\"application\/ld+json\" class=\"yoast-schema-graph\">{\"@context\":\"https:\/\/schema.org\",\"@graph\":[{\"@type\":\"WebPage\",\"@id\":\"http:\/\/youth4yes.com\/fr\/tirer-parti-du-systeme\/\",\"url\":\"http:\/\/youth4yes.com\/fr\/tirer-parti-du-systeme\/\",\"name\":\"Tirer parti du syst\u00e8me - Youth4Yes\",\"isPartOf\":{\"@id\":\"https:\/\/youth4yes.com\/fr\/#website\"},\"datePublished\":\"2023-06-27T15:02:19+00:00\",\"dateModified\":\"2025-01-02T13:59:33+00:00\",\"description\":\"Tirer parti des m\u00e9canismes et processus internationaux en mati\u00e8re de droits humains pour d\u00e9fendre les droits des jeunes.\",\"breadcrumb\":{\"@id\":\"http:\/\/youth4yes.com\/fr\/tirer-parti-du-systeme\/#breadcrumb\"},\"inLanguage\":\"fr-FR\",\"potentialAction\":[{\"@type\":\"ReadAction\",\"target\":[\"http:\/\/youth4yes.com\/fr\/tirer-parti-du-systeme\/\"]}]},{\"@type\":\"BreadcrumbList\",\"@id\":\"http:\/\/youth4yes.com\/fr\/tirer-parti-du-systeme\/#breadcrumb\",\"itemListElement\":[{\"@type\":\"ListItem\",\"position\":1,\"name\":\"Home\",\"item\":\"https:\/\/youth4yes.com\/fr\/\"},{\"@type\":\"ListItem\",\"position\":2,\"name\":\"Tirer parti du syst\u00e8me\"}]},{\"@type\":\"WebSite\",\"@id\":\"https:\/\/youth4yes.com\/fr\/#website\",\"url\":\"https:\/\/youth4yes.com\/fr\/\",\"name\":\"Youth4Yes\",\"description\":\"\",\"potentialAction\":[{\"@type\":\"SearchAction\",\"target\":{\"@type\":\"EntryPoint\",\"urlTemplate\":\"https:\/\/youth4yes.com\/fr\/?s={search_term_string}\"},\"query-input\":{\"@type\":\"PropertyValueSpecification\",\"valueRequired\":true,\"valueName\":\"search_term_string\"}}],\"inLanguage\":\"fr-FR\"}]}<\/script>\n<!-- \/ Yoast SEO plugin. -->","yoast_head_json":{"title":"Tirer parti du syst\u00e8me - Youth4Yes","description":"Tirer parti des m\u00e9canismes et processus internationaux en mati\u00e8re de droits humains pour d\u00e9fendre les droits des jeunes.","robots":{"index":"index","follow":"follow","max-snippet":"max-snippet:-1","max-image-preview":"max-image-preview:large","max-video-preview":"max-video-preview:-1"},"canonical":"http:\/\/youth4yes.com\/fr\/tirer-parti-du-systeme\/","og_locale":"fr_FR","og_type":"article","og_title":"Tirer parti du syst\u00e8me - Youth4Yes","og_description":"Tirer parti des m\u00e9canismes et processus internationaux en mati\u00e8re de droits humains pour d\u00e9fendre les droits des jeunes.","og_url":"http:\/\/youth4yes.com\/fr\/tirer-parti-du-systeme\/","og_site_name":"Youth4Yes","article_modified_time":"2025-01-02T13:59:33+00:00","twitter_card":"summary_large_image","twitter_misc":{"Est. reading time":"1 minute"},"schema":{"@context":"https:\/\/schema.org","@graph":[{"@type":"WebPage","@id":"http:\/\/youth4yes.com\/fr\/tirer-parti-du-systeme\/","url":"http:\/\/youth4yes.com\/fr\/tirer-parti-du-systeme\/","name":"Tirer parti du syst\u00e8me - Youth4Yes","isPartOf":{"@id":"https:\/\/youth4yes.com\/fr\/#website"},"datePublished":"2023-06-27T15:02:19+00:00","dateModified":"2025-01-02T13:59:33+00:00","description":"Tirer parti des m\u00e9canismes et processus internationaux en mati\u00e8re de droits humains pour d\u00e9fendre les droits des jeunes.","breadcrumb":{"@id":"http:\/\/youth4yes.com\/fr\/tirer-parti-du-systeme\/#breadcrumb"},"inLanguage":"fr-FR","potentialAction":[{"@type":"ReadAction","target":["http:\/\/youth4yes.com\/fr\/tirer-parti-du-systeme\/"]}]},{"@type":"BreadcrumbList","@id":"http:\/\/youth4yes.com\/fr\/tirer-parti-du-systeme\/#breadcrumb","itemListElement":[{"@type":"ListItem","position":1,"name":"Home","item":"https:\/\/youth4yes.com\/fr\/"},{"@type":"ListItem","position":2,"name":"Tirer parti du syst\u00e8me"}]},{"@type":"WebSite","@id":"https:\/\/youth4yes.com\/fr\/#website","url":"https:\/\/youth4yes.com\/fr\/","name":"Youth4Yes","description":"","potentialAction":[{"@type":"SearchAction","target":{"@type":"EntryPoint","urlTemplate":"https:\/\/youth4yes.com\/fr\/?s={search_term_string}"},"query-input":{"@type":"PropertyValueSpecification","valueRequired":true,"valueName":"search_term_string"}}],"inLanguage":"fr-FR"}]}},"_links":{"self":[{"href":"http:\/\/youth4yes.com\/fr\/wp-json\/wp\/v2\/pages\/1232","targetHints":{"allow":["GET"]}}],"collection":[{"href":"http:\/\/youth4yes.com\/fr\/wp-json\/wp\/v2\/pages"}],"about":[{"href":"http:\/\/youth4yes.com\/fr\/wp-json\/wp\/v2\/types\/page"}],"author":[{"embeddable":true,"href":"http:\/\/youth4yes.com\/fr\/wp-json\/wp\/v2\/users\/1"}],"replies":[{"embeddable":true,"href":"http:\/\/youth4yes.com\/fr\/wp-json\/wp\/v2\/comments?post=1232"}],"version-history":[{"count":0,"href":"http:\/\/youth4yes.com\/fr\/wp-json\/wp\/v2\/pages\/1232\/revisions"}],"wp:attachment":[{"href":"http:\/\/youth4yes.com\/fr\/wp-json\/wp\/v2\/media?parent=1232"}],"curies":[{"name":"wp","href":"https:\/\/api.w.org\/{rel}","templated":true}]}}