{"id":1222,"date":"2023-06-27T14:46:51","date_gmt":"2023-06-27T14:46:51","guid":{"rendered":"https:\/\/youth4yes.com\/bibliographie-et-lectures-complementaires\/"},"modified":"2024-12-23T16:31:04","modified_gmt":"2024-12-23T16:31:04","slug":"bibliographie-et-lectures-complementaires","status":"publish","type":"page","link":"http:\/\/youth4yes.com\/fr\/a-propos\/bibliographie-et-lectures-complementaires\/","title":{"rendered":"Bibliographie et lectures compl\u00e9mentaires"},"content":{"rendered":"","protected":false},"excerpt":{"rendered":"","protected":false},"author":1,"featured_media":0,"parent":1223,"menu_order":0,"comment_status":"closed","ping_status":"closed","template":"template-pagebuilder.php","meta":{"_acf_changed":false,"footnotes":""},"class_list":["post-1222","page","type-page","status-publish","hentry"],"acf":[],"yoast_head":"<!-- This site is optimized with the Yoast SEO plugin v25.6 - https:\/\/yoast.com\/wordpress\/plugins\/seo\/ -->\n<title>Bibliographie et lectures compl\u00e9mentaires - Youth4Yes<\/title>\n<meta name=\"description\" content=\"Liste des r\u00e9f\u00e9rences utilis\u00e9es dans la bo\u00eete \u00e0 outils\" \/>\n<meta name=\"robots\" content=\"index, follow, max-snippet:-1, max-image-preview:large, max-video-preview:-1\" \/>\n<link rel=\"canonical\" href=\"http:\/\/youth4yes.com\/fr\/a-propos\/bibliographie-et-lectures-complementaires\/\" \/>\n<meta property=\"og:locale\" content=\"fr_FR\" \/>\n<meta property=\"og:type\" content=\"article\" \/>\n<meta property=\"og:title\" content=\"Bibliographie et lectures compl\u00e9mentaires - Youth4Yes\" \/>\n<meta property=\"og:description\" content=\"Liste des r\u00e9f\u00e9rences utilis\u00e9es dans la bo\u00eete \u00e0 outils\" \/>\n<meta property=\"og:url\" content=\"http:\/\/youth4yes.com\/fr\/a-propos\/bibliographie-et-lectures-complementaires\/\" \/>\n<meta property=\"og:site_name\" content=\"Youth4Yes\" \/>\n<meta property=\"article:modified_time\" content=\"2024-12-23T16:31:04+00:00\" \/>\n<meta name=\"twitter:card\" content=\"summary_large_image\" \/>\n<meta name=\"twitter:label1\" content=\"Est. reading time\" \/>\n\t<meta name=\"twitter:data1\" content=\"4 minutes\" \/>\n<script type=\"application\/ld+json\" class=\"yoast-schema-graph\">{\"@context\":\"https:\/\/schema.org\",\"@graph\":[{\"@type\":\"WebPage\",\"@id\":\"http:\/\/youth4yes.com\/fr\/a-propos\/bibliographie-et-lectures-complementaires\/\",\"url\":\"http:\/\/youth4yes.com\/fr\/a-propos\/bibliographie-et-lectures-complementaires\/\",\"name\":\"Bibliographie et lectures compl\u00e9mentaires - Youth4Yes\",\"isPartOf\":{\"@id\":\"http:\/\/youth4yes.com\/fr\/#website\"},\"datePublished\":\"2023-06-27T14:46:51+00:00\",\"dateModified\":\"2024-12-23T16:31:04+00:00\",\"description\":\"Liste des r\u00e9f\u00e9rences utilis\u00e9es dans la bo\u00eete \u00e0 outils\",\"breadcrumb\":{\"@id\":\"http:\/\/youth4yes.com\/fr\/a-propos\/bibliographie-et-lectures-complementaires\/#breadcrumb\"},\"inLanguage\":\"fr-FR\",\"potentialAction\":[{\"@type\":\"ReadAction\",\"target\":[\"http:\/\/youth4yes.com\/fr\/a-propos\/bibliographie-et-lectures-complementaires\/\"]}]},{\"@type\":\"BreadcrumbList\",\"@id\":\"http:\/\/youth4yes.com\/fr\/a-propos\/bibliographie-et-lectures-complementaires\/#breadcrumb\",\"itemListElement\":[{\"@type\":\"ListItem\",\"position\":1,\"name\":\"Home\",\"item\":\"http:\/\/youth4yes.com\/fr\/\"},{\"@type\":\"ListItem\",\"position\":2,\"name\":\"\u00c0 propos\",\"item\":\"http:\/\/youth4yes.com\/fr\/a-propos\/\"},{\"@type\":\"ListItem\",\"position\":3,\"name\":\"Bibliographie et lectures compl\u00e9mentaires\"}]},{\"@type\":\"WebSite\",\"@id\":\"http:\/\/youth4yes.com\/fr\/#website\",\"url\":\"http:\/\/youth4yes.com\/fr\/\",\"name\":\"Youth4Yes\",\"description\":\"\",\"potentialAction\":[{\"@type\":\"SearchAction\",\"target\":{\"@type\":\"EntryPoint\",\"urlTemplate\":\"http:\/\/youth4yes.com\/fr\/?s={search_term_string}\"},\"query-input\":{\"@type\":\"PropertyValueSpecification\",\"valueRequired\":true,\"valueName\":\"search_term_string\"}}],\"inLanguage\":\"fr-FR\"}]}<\/script>\n<!-- \/ Yoast SEO plugin. -->","yoast_head_json":{"title":"Bibliographie et lectures compl\u00e9mentaires - Youth4Yes","description":"Liste des r\u00e9f\u00e9rences utilis\u00e9es dans la bo\u00eete \u00e0 outils","robots":{"index":"index","follow":"follow","max-snippet":"max-snippet:-1","max-image-preview":"max-image-preview:large","max-video-preview":"max-video-preview:-1"},"canonical":"http:\/\/youth4yes.com\/fr\/a-propos\/bibliographie-et-lectures-complementaires\/","og_locale":"fr_FR","og_type":"article","og_title":"Bibliographie et lectures compl\u00e9mentaires - Youth4Yes","og_description":"Liste des r\u00e9f\u00e9rences utilis\u00e9es dans la bo\u00eete \u00e0 outils","og_url":"http:\/\/youth4yes.com\/fr\/a-propos\/bibliographie-et-lectures-complementaires\/","og_site_name":"Youth4Yes","article_modified_time":"2024-12-23T16:31:04+00:00","twitter_card":"summary_large_image","twitter_misc":{"Est. reading time":"4 minutes"},"schema":{"@context":"https:\/\/schema.org","@graph":[{"@type":"WebPage","@id":"http:\/\/youth4yes.com\/fr\/a-propos\/bibliographie-et-lectures-complementaires\/","url":"http:\/\/youth4yes.com\/fr\/a-propos\/bibliographie-et-lectures-complementaires\/","name":"Bibliographie et lectures compl\u00e9mentaires - Youth4Yes","isPartOf":{"@id":"http:\/\/youth4yes.com\/fr\/#website"},"datePublished":"2023-06-27T14:46:51+00:00","dateModified":"2024-12-23T16:31:04+00:00","description":"Liste des r\u00e9f\u00e9rences utilis\u00e9es dans la bo\u00eete \u00e0 outils","breadcrumb":{"@id":"http:\/\/youth4yes.com\/fr\/a-propos\/bibliographie-et-lectures-complementaires\/#breadcrumb"},"inLanguage":"fr-FR","potentialAction":[{"@type":"ReadAction","target":["http:\/\/youth4yes.com\/fr\/a-propos\/bibliographie-et-lectures-complementaires\/"]}]},{"@type":"BreadcrumbList","@id":"http:\/\/youth4yes.com\/fr\/a-propos\/bibliographie-et-lectures-complementaires\/#breadcrumb","itemListElement":[{"@type":"ListItem","position":1,"name":"Home","item":"http:\/\/youth4yes.com\/fr\/"},{"@type":"ListItem","position":2,"name":"\u00c0 propos","item":"http:\/\/youth4yes.com\/fr\/a-propos\/"},{"@type":"ListItem","position":3,"name":"Bibliographie et lectures compl\u00e9mentaires"}]},{"@type":"WebSite","@id":"http:\/\/youth4yes.com\/fr\/#website","url":"http:\/\/youth4yes.com\/fr\/","name":"Youth4Yes","description":"","potentialAction":[{"@type":"SearchAction","target":{"@type":"EntryPoint","urlTemplate":"http:\/\/youth4yes.com\/fr\/?s={search_term_string}"},"query-input":{"@type":"PropertyValueSpecification","valueRequired":true,"valueName":"search_term_string"}}],"inLanguage":"fr-FR"}]}},"_links":{"self":[{"href":"http:\/\/youth4yes.com\/fr\/wp-json\/wp\/v2\/pages\/1222","targetHints":{"allow":["GET"]}}],"collection":[{"href":"http:\/\/youth4yes.com\/fr\/wp-json\/wp\/v2\/pages"}],"about":[{"href":"http:\/\/youth4yes.com\/fr\/wp-json\/wp\/v2\/types\/page"}],"author":[{"embeddable":true,"href":"http:\/\/youth4yes.com\/fr\/wp-json\/wp\/v2\/users\/1"}],"replies":[{"embeddable":true,"href":"http:\/\/youth4yes.com\/fr\/wp-json\/wp\/v2\/comments?post=1222"}],"version-history":[{"count":0,"href":"http:\/\/youth4yes.com\/fr\/wp-json\/wp\/v2\/pages\/1222\/revisions"}],"up":[{"embeddable":true,"href":"http:\/\/youth4yes.com\/fr\/wp-json\/wp\/v2\/pages\/1223"}],"wp:attachment":[{"href":"http:\/\/youth4yes.com\/fr\/wp-json\/wp\/v2\/media?parent=1222"}],"curies":[{"name":"wp","href":"https:\/\/api.w.org\/{rel}","templated":true}]}}