{"id":1184,"date":"2023-06-27T15:12:35","date_gmt":"2023-06-27T15:12:35","guid":{"rendered":"https:\/\/youth4yes.com\/juventud-y-consolidacion-de-la-paz\/recursos-sobre-consolidacion-de-la-paz\/"},"modified":"2024-12-24T11:10:01","modified_gmt":"2024-12-24T11:10:01","slug":"recursos-sobre-consolidacion-de-la-paz","status":"publish","type":"page","link":"http:\/\/youth4yes.com\/es\/juventud-y-consolidacion-de-la-paz\/recursos-sobre-consolidacion-de-la-paz\/","title":{"rendered":"Recursos sobre Consolidaci\u00f3n de la Paz"},"content":{"rendered":"","protected":false},"excerpt":{"rendered":"","protected":false},"author":1,"featured_media":0,"parent":1181,"menu_order":0,"comment_status":"closed","ping_status":"closed","template":"template-pagebuilder.php","meta":{"_acf_changed":false,"footnotes":""},"class_list":["post-1184","page","type-page","status-publish","hentry"],"acf":[],"yoast_head":"<!-- This site is optimized with the Yoast SEO plugin v25.6 - https:\/\/yoast.com\/wordpress\/plugins\/seo\/ -->\n<title>Recursos sobre Consolidaci\u00f3n de la Paz - Youth4Yes<\/title>\n<meta name=\"description\" content=\"\u00bfD\u00f3nde puedo obtener m\u00e1s informaci\u00f3n sobre la consolidaci\u00f3n de la paz?\" \/>\n<meta name=\"robots\" content=\"index, follow, max-snippet:-1, max-image-preview:large, max-video-preview:-1\" \/>\n<link rel=\"canonical\" href=\"http:\/\/youth4yes.com\/es\/juventud-y-consolidacion-de-la-paz\/recursos-sobre-consolidacion-de-la-paz\/\" \/>\n<meta property=\"og:locale\" content=\"es_ES\" \/>\n<meta property=\"og:type\" content=\"article\" \/>\n<meta property=\"og:title\" content=\"Recursos sobre Consolidaci\u00f3n de la Paz - Youth4Yes\" \/>\n<meta property=\"og:description\" content=\"\u00bfD\u00f3nde puedo obtener m\u00e1s informaci\u00f3n sobre la consolidaci\u00f3n de la paz?\" \/>\n<meta property=\"og:url\" content=\"http:\/\/youth4yes.com\/es\/juventud-y-consolidacion-de-la-paz\/recursos-sobre-consolidacion-de-la-paz\/\" \/>\n<meta property=\"og:site_name\" content=\"Youth4Yes\" \/>\n<meta property=\"article:modified_time\" content=\"2024-12-24T11:10:01+00:00\" \/>\n<meta name=\"twitter:card\" content=\"summary_large_image\" \/>\n<meta name=\"twitter:label1\" content=\"Est. reading time\" \/>\n\t<meta name=\"twitter:data1\" content=\"3 minutes\" \/>\n<script type=\"application\/ld+json\" class=\"yoast-schema-graph\">{\"@context\":\"https:\/\/schema.org\",\"@graph\":[{\"@type\":\"WebPage\",\"@id\":\"http:\/\/youth4yes.com\/es\/juventud-y-consolidacion-de-la-paz\/recursos-sobre-consolidacion-de-la-paz\/\",\"url\":\"http:\/\/youth4yes.com\/es\/juventud-y-consolidacion-de-la-paz\/recursos-sobre-consolidacion-de-la-paz\/\",\"name\":\"Recursos sobre Consolidaci\u00f3n de la Paz - Youth4Yes\",\"isPartOf\":{\"@id\":\"http:\/\/youth4yes.com\/es\/#website\"},\"datePublished\":\"2023-06-27T15:12:35+00:00\",\"dateModified\":\"2024-12-24T11:10:01+00:00\",\"description\":\"\u00bfD\u00f3nde puedo obtener m\u00e1s informaci\u00f3n sobre la consolidaci\u00f3n de la paz?\",\"breadcrumb\":{\"@id\":\"http:\/\/youth4yes.com\/es\/juventud-y-consolidacion-de-la-paz\/recursos-sobre-consolidacion-de-la-paz\/#breadcrumb\"},\"inLanguage\":\"es-ES\",\"potentialAction\":[{\"@type\":\"ReadAction\",\"target\":[\"http:\/\/youth4yes.com\/es\/juventud-y-consolidacion-de-la-paz\/recursos-sobre-consolidacion-de-la-paz\/\"]}]},{\"@type\":\"BreadcrumbList\",\"@id\":\"http:\/\/youth4yes.com\/es\/juventud-y-consolidacion-de-la-paz\/recursos-sobre-consolidacion-de-la-paz\/#breadcrumb\",\"itemListElement\":[{\"@type\":\"ListItem\",\"position\":1,\"name\":\"Home\",\"item\":\"https:\/\/youth4yes.com\/es\/\"},{\"@type\":\"ListItem\",\"position\":2,\"name\":\"Juventud y consolidaci\u00f3n de la paz\",\"item\":\"https:\/\/youth4yes.com\/es\/juventud-y-consolidacion-de-la-paz\/\"},{\"@type\":\"ListItem\",\"position\":3,\"name\":\"Recursos sobre Consolidaci\u00f3n de la Paz\"}]},{\"@type\":\"WebSite\",\"@id\":\"http:\/\/youth4yes.com\/es\/#website\",\"url\":\"http:\/\/youth4yes.com\/es\/\",\"name\":\"Youth4Yes\",\"description\":\"\",\"potentialAction\":[{\"@type\":\"SearchAction\",\"target\":{\"@type\":\"EntryPoint\",\"urlTemplate\":\"http:\/\/youth4yes.com\/es\/?s={search_term_string}\"},\"query-input\":{\"@type\":\"PropertyValueSpecification\",\"valueRequired\":true,\"valueName\":\"search_term_string\"}}],\"inLanguage\":\"es-ES\"}]}<\/script>\n<!-- \/ Yoast SEO plugin. -->","yoast_head_json":{"title":"Recursos sobre Consolidaci\u00f3n de la Paz - Youth4Yes","description":"\u00bfD\u00f3nde puedo obtener m\u00e1s informaci\u00f3n sobre la consolidaci\u00f3n de la paz?","robots":{"index":"index","follow":"follow","max-snippet":"max-snippet:-1","max-image-preview":"max-image-preview:large","max-video-preview":"max-video-preview:-1"},"canonical":"http:\/\/youth4yes.com\/es\/juventud-y-consolidacion-de-la-paz\/recursos-sobre-consolidacion-de-la-paz\/","og_locale":"es_ES","og_type":"article","og_title":"Recursos sobre Consolidaci\u00f3n de la Paz - Youth4Yes","og_description":"\u00bfD\u00f3nde puedo obtener m\u00e1s informaci\u00f3n sobre la consolidaci\u00f3n de la paz?","og_url":"http:\/\/youth4yes.com\/es\/juventud-y-consolidacion-de-la-paz\/recursos-sobre-consolidacion-de-la-paz\/","og_site_name":"Youth4Yes","article_modified_time":"2024-12-24T11:10:01+00:00","twitter_card":"summary_large_image","twitter_misc":{"Est. reading time":"3 minutes"},"schema":{"@context":"https:\/\/schema.org","@graph":[{"@type":"WebPage","@id":"http:\/\/youth4yes.com\/es\/juventud-y-consolidacion-de-la-paz\/recursos-sobre-consolidacion-de-la-paz\/","url":"http:\/\/youth4yes.com\/es\/juventud-y-consolidacion-de-la-paz\/recursos-sobre-consolidacion-de-la-paz\/","name":"Recursos sobre Consolidaci\u00f3n de la Paz - Youth4Yes","isPartOf":{"@id":"http:\/\/youth4yes.com\/es\/#website"},"datePublished":"2023-06-27T15:12:35+00:00","dateModified":"2024-12-24T11:10:01+00:00","description":"\u00bfD\u00f3nde puedo obtener m\u00e1s informaci\u00f3n sobre la consolidaci\u00f3n de la paz?","breadcrumb":{"@id":"http:\/\/youth4yes.com\/es\/juventud-y-consolidacion-de-la-paz\/recursos-sobre-consolidacion-de-la-paz\/#breadcrumb"},"inLanguage":"es-ES","potentialAction":[{"@type":"ReadAction","target":["http:\/\/youth4yes.com\/es\/juventud-y-consolidacion-de-la-paz\/recursos-sobre-consolidacion-de-la-paz\/"]}]},{"@type":"BreadcrumbList","@id":"http:\/\/youth4yes.com\/es\/juventud-y-consolidacion-de-la-paz\/recursos-sobre-consolidacion-de-la-paz\/#breadcrumb","itemListElement":[{"@type":"ListItem","position":1,"name":"Home","item":"https:\/\/youth4yes.com\/es\/"},{"@type":"ListItem","position":2,"name":"Juventud y consolidaci\u00f3n de la paz","item":"https:\/\/youth4yes.com\/es\/juventud-y-consolidacion-de-la-paz\/"},{"@type":"ListItem","position":3,"name":"Recursos sobre Consolidaci\u00f3n de la Paz"}]},{"@type":"WebSite","@id":"http:\/\/youth4yes.com\/es\/#website","url":"http:\/\/youth4yes.com\/es\/","name":"Youth4Yes","description":"","potentialAction":[{"@type":"SearchAction","target":{"@type":"EntryPoint","urlTemplate":"http:\/\/youth4yes.com\/es\/?s={search_term_string}"},"query-input":{"@type":"PropertyValueSpecification","valueRequired":true,"valueName":"search_term_string"}}],"inLanguage":"es-ES"}]}},"_links":{"self":[{"href":"http:\/\/youth4yes.com\/es\/wp-json\/wp\/v2\/pages\/1184","targetHints":{"allow":["GET"]}}],"collection":[{"href":"http:\/\/youth4yes.com\/es\/wp-json\/wp\/v2\/pages"}],"about":[{"href":"http:\/\/youth4yes.com\/es\/wp-json\/wp\/v2\/types\/page"}],"author":[{"embeddable":true,"href":"http:\/\/youth4yes.com\/es\/wp-json\/wp\/v2\/users\/1"}],"replies":[{"embeddable":true,"href":"http:\/\/youth4yes.com\/es\/wp-json\/wp\/v2\/comments?post=1184"}],"version-history":[{"count":0,"href":"http:\/\/youth4yes.com\/es\/wp-json\/wp\/v2\/pages\/1184\/revisions"}],"up":[{"embeddable":true,"href":"http:\/\/youth4yes.com\/es\/wp-json\/wp\/v2\/pages\/1181"}],"wp:attachment":[{"href":"http:\/\/youth4yes.com\/es\/wp-json\/wp\/v2\/media?parent=1184"}],"curies":[{"name":"wp","href":"https:\/\/api.w.org\/{rel}","templated":true}]}}