{"id":1146,"date":"2023-06-27T07:39:55","date_gmt":"2023-06-27T07:39:55","guid":{"rendered":"https:\/\/youth4yes.com\/inicio\/"},"modified":"2024-12-24T10:12:23","modified_gmt":"2024-12-24T10:12:23","slug":"inicio","status":"publish","type":"page","link":"http:\/\/youth4yes.com\/es\/","title":{"rendered":"Inicio"},"content":{"rendered":"","protected":false},"excerpt":{"rendered":"","protected":false},"author":1,"featured_media":0,"parent":0,"menu_order":0,"comment_status":"closed","ping_status":"closed","template":"","meta":{"_acf_changed":false,"footnotes":""},"class_list":["post-1146","page","type-page","status-publish","hentry"],"acf":[],"yoast_head":"<!-- This site is optimized with the Yoast SEO plugin v25.6 - https:\/\/yoast.com\/wordpress\/plugins\/seo\/ -->\n<title>Inicio - Youth4Yes<\/title>\n<meta name=\"description\" content=\"El cambio social est\u00e1 en tu mano. Te ofrecemos los conocimientos y las herramientas que te ayudar\u00e1n a canalizar ese poder hacia la acci\u00f3n real y a hacer realidad el cambio.\" \/>\n<meta name=\"robots\" content=\"index, follow, max-snippet:-1, max-image-preview:large, max-video-preview:-1\" \/>\n<link rel=\"canonical\" href=\"http:\/\/youth4yes.com\/es\/\" \/>\n<meta property=\"og:locale\" content=\"es_ES\" \/>\n<meta property=\"og:type\" content=\"article\" \/>\n<meta property=\"og:title\" content=\"Inicio - Youth4Yes\" \/>\n<meta property=\"og:description\" content=\"El cambio social est\u00e1 en tu mano. Te ofrecemos los conocimientos y las herramientas que te ayudar\u00e1n a canalizar ese poder hacia la acci\u00f3n real y a hacer realidad el cambio.\" \/>\n<meta property=\"og:url\" content=\"http:\/\/youth4yes.com\/es\/\" \/>\n<meta property=\"og:site_name\" content=\"Youth4Yes\" \/>\n<meta property=\"article:modified_time\" content=\"2024-12-24T10:12:23+00:00\" \/>\n<meta name=\"twitter:card\" content=\"summary_large_image\" \/>\n<meta name=\"twitter:label1\" content=\"Est. reading time\" \/>\n\t<meta name=\"twitter:data1\" content=\"1 minute\" \/>\n<script type=\"application\/ld+json\" class=\"yoast-schema-graph\">{\"@context\":\"https:\/\/schema.org\",\"@graph\":[{\"@type\":\"WebPage\",\"@id\":\"http:\/\/youth4yes.com\/es\/\",\"url\":\"http:\/\/youth4yes.com\/es\/\",\"name\":\"Inicio - Youth4Yes\",\"isPartOf\":{\"@id\":\"http:\/\/youth4yes.com\/es\/#website\"},\"datePublished\":\"2023-06-27T07:39:55+00:00\",\"dateModified\":\"2024-12-24T10:12:23+00:00\",\"description\":\"El cambio social est\u00e1 en tu mano. Te ofrecemos los conocimientos y las herramientas que te ayudar\u00e1n a canalizar ese poder hacia la acci\u00f3n real y a hacer realidad el cambio.\",\"breadcrumb\":{\"@id\":\"http:\/\/youth4yes.com\/es\/#breadcrumb\"},\"inLanguage\":\"es-ES\",\"potentialAction\":[{\"@type\":\"ReadAction\",\"target\":[\"http:\/\/youth4yes.com\/es\/\"]}]},{\"@type\":\"BreadcrumbList\",\"@id\":\"http:\/\/youth4yes.com\/es\/#breadcrumb\",\"itemListElement\":[{\"@type\":\"ListItem\",\"position\":1,\"name\":\"Home\",\"item\":\"https:\/\/youth4yes.com\/es\/\"},{\"@type\":\"ListItem\",\"position\":2,\"name\":\"Inicio\"}]},{\"@type\":\"WebSite\",\"@id\":\"http:\/\/youth4yes.com\/es\/#website\",\"url\":\"http:\/\/youth4yes.com\/es\/\",\"name\":\"Youth4Yes\",\"description\":\"\",\"potentialAction\":[{\"@type\":\"SearchAction\",\"target\":{\"@type\":\"EntryPoint\",\"urlTemplate\":\"http:\/\/youth4yes.com\/es\/?s={search_term_string}\"},\"query-input\":{\"@type\":\"PropertyValueSpecification\",\"valueRequired\":true,\"valueName\":\"search_term_string\"}}],\"inLanguage\":\"es-ES\"}]}<\/script>\n<!-- \/ Yoast SEO plugin. -->","yoast_head_json":{"title":"Inicio - Youth4Yes","description":"El cambio social est\u00e1 en tu mano. Te ofrecemos los conocimientos y las herramientas que te ayudar\u00e1n a canalizar ese poder hacia la acci\u00f3n real y a hacer realidad el cambio.","robots":{"index":"index","follow":"follow","max-snippet":"max-snippet:-1","max-image-preview":"max-image-preview:large","max-video-preview":"max-video-preview:-1"},"canonical":"http:\/\/youth4yes.com\/es\/","og_locale":"es_ES","og_type":"article","og_title":"Inicio - Youth4Yes","og_description":"El cambio social est\u00e1 en tu mano. Te ofrecemos los conocimientos y las herramientas que te ayudar\u00e1n a canalizar ese poder hacia la acci\u00f3n real y a hacer realidad el cambio.","og_url":"http:\/\/youth4yes.com\/es\/","og_site_name":"Youth4Yes","article_modified_time":"2024-12-24T10:12:23+00:00","twitter_card":"summary_large_image","twitter_misc":{"Est. reading time":"1 minute"},"schema":{"@context":"https:\/\/schema.org","@graph":[{"@type":"WebPage","@id":"http:\/\/youth4yes.com\/es\/","url":"http:\/\/youth4yes.com\/es\/","name":"Inicio - Youth4Yes","isPartOf":{"@id":"http:\/\/youth4yes.com\/es\/#website"},"datePublished":"2023-06-27T07:39:55+00:00","dateModified":"2024-12-24T10:12:23+00:00","description":"El cambio social est\u00e1 en tu mano. Te ofrecemos los conocimientos y las herramientas que te ayudar\u00e1n a canalizar ese poder hacia la acci\u00f3n real y a hacer realidad el cambio.","breadcrumb":{"@id":"http:\/\/youth4yes.com\/es\/#breadcrumb"},"inLanguage":"es-ES","potentialAction":[{"@type":"ReadAction","target":["http:\/\/youth4yes.com\/es\/"]}]},{"@type":"BreadcrumbList","@id":"http:\/\/youth4yes.com\/es\/#breadcrumb","itemListElement":[{"@type":"ListItem","position":1,"name":"Home","item":"https:\/\/youth4yes.com\/es\/"},{"@type":"ListItem","position":2,"name":"Inicio"}]},{"@type":"WebSite","@id":"http:\/\/youth4yes.com\/es\/#website","url":"http:\/\/youth4yes.com\/es\/","name":"Youth4Yes","description":"","potentialAction":[{"@type":"SearchAction","target":{"@type":"EntryPoint","urlTemplate":"http:\/\/youth4yes.com\/es\/?s={search_term_string}"},"query-input":{"@type":"PropertyValueSpecification","valueRequired":true,"valueName":"search_term_string"}}],"inLanguage":"es-ES"}]}},"_links":{"self":[{"href":"http:\/\/youth4yes.com\/es\/wp-json\/wp\/v2\/pages\/1146","targetHints":{"allow":["GET"]}}],"collection":[{"href":"http:\/\/youth4yes.com\/es\/wp-json\/wp\/v2\/pages"}],"about":[{"href":"http:\/\/youth4yes.com\/es\/wp-json\/wp\/v2\/types\/page"}],"author":[{"embeddable":true,"href":"http:\/\/youth4yes.com\/es\/wp-json\/wp\/v2\/users\/1"}],"replies":[{"embeddable":true,"href":"http:\/\/youth4yes.com\/es\/wp-json\/wp\/v2\/comments?post=1146"}],"version-history":[{"count":0,"href":"http:\/\/youth4yes.com\/es\/wp-json\/wp\/v2\/pages\/1146\/revisions"}],"wp:attachment":[{"href":"http:\/\/youth4yes.com\/es\/wp-json\/wp\/v2\/media?parent=1146"}],"curies":[{"name":"wp","href":"https:\/\/api.w.org\/{rel}","templated":true}]}}